{"id":37220,"date":"2021-04-05T16:11:36","date_gmt":"2021-04-05T14:11:36","guid":{"rendered":"https:\/\/prestige-e.com\/product\/chales-en-cachemire\/"},"modified":"2025-11-27T13:27:43","modified_gmt":"2025-11-27T12:27:43","slug":"chales-en-cachemire","status":"publish","type":"product","link":"https:\/\/prestige-e.com\/fr\/produit\/chales-en-cachemire\/","title":{"rendered":"Ch\u00e2les en cachemire"},"content":{"rendered":"","protected":false},"excerpt":{"rendered":"<div class=\"\">\n<p>La ch\u00e8vre cachemire (Kashmir) ou ch\u00e8vre duvet. Issue de la sous-couche ou du sous-poil fin et doux. Le poil ext\u00e9rieur plus droit et plus grossier est appel\u00e9 poil de garde.<br \/>\nLe cachemire est luxueux et \u00e9l\u00e9gant, c&rsquo;est \u00e9galement un investissement durable et pratique. Le cachemire voyage bien et ne se froisse pas. Il offre une excellente isolation ; il est chaud en hiver et frais au printemps. Le cachemire est durable ; il devient en r\u00e9alit\u00e9 plus doux avec le temps et ne bouloche que rarement apr\u00e8s avoir \u00e9t\u00e9 port\u00e9 et lav\u00e9. Il devrait durer toute une vie.<\/p>\n<p>Le facteur le plus important dans la qualit\u00e9 du cachemire est la longueur et la finesse des fibres. Les produits fabriqu\u00e9s avec des fibres longues et fines boulochent moins et conservent mieux leur forme que le cachemire de qualit\u00e9 inf\u00e9rieure moins cher, et s&rsquo;am\u00e9liorent \u00e0 chaque lavage. La finesse, la longueur et la couleur sont les facteurs les plus importants pour la qualit\u00e9<\/p>\n<\/div>\n<p><strong>Nous pouvons personnaliser les articles selon les besoins esth\u00e9tiques du client.<\/strong><\/p>\n<p>Quantit\u00e9 minimum de commande requise pour ce produit :<\/p>\n","protected":false},"featured_media":39706,"comment_status":"closed","ping_status":"closed","template":"","meta":{"inline_featured_image":false},"product_brand":[],"product_cat":[148,183],"product_tag":[],"class_list":{"0":"post-37220","1":"product","2":"type-product","3":"status-publish","4":"has-post-thumbnail","6":"product_cat-mode","7":"product_cat-pashmina-cachemire-mode","9":"first","10":"instock","11":"shipping-taxable","12":"purchasable","13":"product-type-simple"},"aioseo_notices":[],"_links":{"self":[{"href":"https:\/\/prestige-e.com\/fr\/wp-json\/wp\/v2\/product\/37220","targetHints":{"allow":["GET"]}}],"collection":[{"href":"https:\/\/prestige-e.com\/fr\/wp-json\/wp\/v2\/product"}],"about":[{"href":"https:\/\/prestige-e.com\/fr\/wp-json\/wp\/v2\/types\/product"}],"replies":[{"embeddable":true,"href":"https:\/\/prestige-e.com\/fr\/wp-json\/wp\/v2\/comments?post=37220"}],"wp:featuredmedia":[{"embeddable":true,"href":"https:\/\/prestige-e.com\/fr\/wp-json\/wp\/v2\/media\/39706"}],"wp:attachment":[{"href":"https:\/\/prestige-e.com\/fr\/wp-json\/wp\/v2\/media?parent=37220"}],"wp:term":[{"taxonomy":"product_brand","embeddable":true,"href":"https:\/\/prestige-e.com\/fr\/wp-json\/wp\/v2\/product_brand?post=37220"},{"taxonomy":"product_cat","embeddable":true,"href":"https:\/\/prestige-e.com\/fr\/wp-json\/wp\/v2\/product_cat?post=37220"},{"taxonomy":"product_tag","embeddable":true,"href":"https:\/\/prestige-e.com\/fr\/wp-json\/wp\/v2\/product_tag?post=37220"}],"curies":[{"name":"wp","href":"https:\/\/api.w.org\/{rel}","templated":true}]}}