{"id":37219,"date":"2021-04-07T08:39:39","date_gmt":"2021-04-07T06:39:39","guid":{"rendered":"https:\/\/prestige-e.com\/product\/baume-a-levres-uv\/"},"modified":"2025-11-27T13:27:42","modified_gmt":"2025-11-27T12:27:42","slug":"baume-a-levres-uv","status":"publish","type":"product","link":"https:\/\/prestige-e.com\/fr\/produit\/baume-a-levres-uv\/","title":{"rendered":"Baume \u00e0 l\u00e8vres UV"},"content":{"rendered":"","protected":false},"excerpt":{"rendered":"<p>Baume \u00e0 l\u00e8vres naturel dans un \u00e9tui rond \u00e0 finition m\u00e9tallique. Test\u00e9 dermatologiquement. <\/p>\n<p><strong>Quantit\u00e9 minimale de commande requise pour ce produit&nbsp;:<\/strong><\/p>\n","protected":false},"featured_media":37221,"comment_status":"closed","ping_status":"closed","template":"","meta":{"inline_featured_image":false},"product_brand":[],"product_cat":[174,182],"product_tag":[],"class_list":{"0":"post-37219","1":"product","2":"type-product","3":"status-publish","4":"has-post-thumbnail","6":"product_cat-art-de-vivre","7":"product_cat-salle-de-bain-art-de-vivre","9":"first","10":"instock","11":"shipping-taxable","12":"purchasable","13":"product-type-simple"},"aioseo_notices":[],"_links":{"self":[{"href":"https:\/\/prestige-e.com\/fr\/wp-json\/wp\/v2\/product\/37219","targetHints":{"allow":["GET"]}}],"collection":[{"href":"https:\/\/prestige-e.com\/fr\/wp-json\/wp\/v2\/product"}],"about":[{"href":"https:\/\/prestige-e.com\/fr\/wp-json\/wp\/v2\/types\/product"}],"replies":[{"embeddable":true,"href":"https:\/\/prestige-e.com\/fr\/wp-json\/wp\/v2\/comments?post=37219"}],"wp:featuredmedia":[{"embeddable":true,"href":"https:\/\/prestige-e.com\/fr\/wp-json\/wp\/v2\/media\/37221"}],"wp:attachment":[{"href":"https:\/\/prestige-e.com\/fr\/wp-json\/wp\/v2\/media?parent=37219"}],"wp:term":[{"taxonomy":"product_brand","embeddable":true,"href":"https:\/\/prestige-e.com\/fr\/wp-json\/wp\/v2\/product_brand?post=37219"},{"taxonomy":"product_cat","embeddable":true,"href":"https:\/\/prestige-e.com\/fr\/wp-json\/wp\/v2\/product_cat?post=37219"},{"taxonomy":"product_tag","embeddable":true,"href":"https:\/\/prestige-e.com\/fr\/wp-json\/wp\/v2\/product_tag?post=37219"}],"curies":[{"name":"wp","href":"https:\/\/api.w.org\/{rel}","templated":true}]}}