{"id":37214,"date":"2021-04-06T06:14:33","date_gmt":"2021-04-06T04:14:33","guid":{"rendered":"https:\/\/prestige-e.com\/product\/stylo-a-bille-pix-noir\/"},"modified":"2025-11-27T13:27:43","modified_gmt":"2025-11-27T12:27:43","slug":"stylo-a-bille-pix-noir","status":"publish","type":"product","link":"https:\/\/prestige-e.com\/fr\/produit\/stylo-a-bille-pix-noir\/","title":{"rendered":"Stylo \u00e0 bille Pix noir"},"content":{"rendered":"","protected":false},"excerpt":{"rendered":"<div class=\"\">\n<p>La collection PIX de Montblanc s&rsquo;inspire d&rsquo;une \u00e9l\u00e9gance \u00e9pur\u00e9e et simple avec une approche ludique des couleurs. Ce stylo \u00e0 bille de luxe est fabriqu\u00e9 en r\u00e9sine pr\u00e9cieuse polie et pr\u00e9sente des garnitures plaqu\u00e9es platine. Le capuchon est couronn\u00e9 de l&#8217;embl\u00e9matique embl\u00e8me blanc Montblanc.<br \/>\n<strong><br \/>\nCorps :<\/strong> R\u00e9sine pr\u00e9cieuse noire<\/p>\n<p class=\"barrel_description\"><strong><br \/>\nSi vous \u00eates int\u00e9ress\u00e9 par d&rsquo;autres produits Montblanc, veuillez nous en faire part.<\/p>\n<p>Quantit\u00e9 minimum de commande requise pour ce produit :<\/strong><\/p>\n<\/div>\n","protected":false},"featured_media":37217,"comment_status":"closed","ping_status":"closed","template":"","meta":{"inline_featured_image":false},"product_brand":[],"product_cat":[181,180],"product_tag":[],"class_list":{"0":"post-37214","1":"product","2":"type-product","3":"status-publish","4":"has-post-thumbnail","6":"product_cat-instruments-decriture","7":"product_cat-montblanc","9":"first","10":"instock","11":"shipping-taxable","12":"purchasable","13":"product-type-simple"},"aioseo_notices":[],"_links":{"self":[{"href":"https:\/\/prestige-e.com\/fr\/wp-json\/wp\/v2\/product\/37214","targetHints":{"allow":["GET"]}}],"collection":[{"href":"https:\/\/prestige-e.com\/fr\/wp-json\/wp\/v2\/product"}],"about":[{"href":"https:\/\/prestige-e.com\/fr\/wp-json\/wp\/v2\/types\/product"}],"replies":[{"embeddable":true,"href":"https:\/\/prestige-e.com\/fr\/wp-json\/wp\/v2\/comments?post=37214"}],"wp:featuredmedia":[{"embeddable":true,"href":"https:\/\/prestige-e.com\/fr\/wp-json\/wp\/v2\/media\/37217"}],"wp:attachment":[{"href":"https:\/\/prestige-e.com\/fr\/wp-json\/wp\/v2\/media?parent=37214"}],"wp:term":[{"taxonomy":"product_brand","embeddable":true,"href":"https:\/\/prestige-e.com\/fr\/wp-json\/wp\/v2\/product_brand?post=37214"},{"taxonomy":"product_cat","embeddable":true,"href":"https:\/\/prestige-e.com\/fr\/wp-json\/wp\/v2\/product_cat?post=37214"},{"taxonomy":"product_tag","embeddable":true,"href":"https:\/\/prestige-e.com\/fr\/wp-json\/wp\/v2\/product_tag?post=37214"}],"curies":[{"name":"wp","href":"https:\/\/api.w.org\/{rel}","templated":true}]}}