{"id":37210,"date":"2021-04-02T11:17:02","date_gmt":"2021-04-02T09:17:02","guid":{"rendered":"https:\/\/prestige-e.com\/product\/masque-chirurgical\/"},"modified":"2025-11-27T13:27:45","modified_gmt":"2025-11-27T12:27:45","slug":"masque-chirurgical","status":"publish","type":"product","link":"https:\/\/prestige-e.com\/fr\/produit\/masque-chirurgical\/","title":{"rendered":"Masque chirurgical"},"content":{"rendered":"","protected":false},"excerpt":{"rendered":"<p>Le masque chirurgical jetable est compos\u00e9 de tissu non-tiss\u00e9 SMS (un produit composite de spunbond et de pulv\u00e9risation par fusion), d&rsquo;une barrette nasale et d&rsquo;un \u00e9lastique.<\/p>\n<p><strong>Mat\u00e9riau :<\/strong> Tissu non-tiss\u00e9 plus tissu meltblown.<\/p>\n<p><strong>Quantit\u00e9 minimale de commande requise pour ce produit :<\/strong><\/p>\n<p>&nbsp;<\/p>\n","protected":false},"featured_media":37212,"comment_status":"closed","ping_status":"closed","template":"","meta":{"inline_featured_image":false},"product_brand":[],"product_cat":[172,173],"product_tag":[],"class_list":{"0":"post-37210","1":"product","2":"type-product","3":"status-publish","4":"has-post-thumbnail","6":"product_cat-sante","7":"product_cat-vetements-de-travail-secteur-de-la-sante","9":"first","10":"instock","11":"shipping-taxable","12":"purchasable","13":"product-type-simple"},"aioseo_notices":[],"_links":{"self":[{"href":"https:\/\/prestige-e.com\/fr\/wp-json\/wp\/v2\/product\/37210","targetHints":{"allow":["GET"]}}],"collection":[{"href":"https:\/\/prestige-e.com\/fr\/wp-json\/wp\/v2\/product"}],"about":[{"href":"https:\/\/prestige-e.com\/fr\/wp-json\/wp\/v2\/types\/product"}],"replies":[{"embeddable":true,"href":"https:\/\/prestige-e.com\/fr\/wp-json\/wp\/v2\/comments?post=37210"}],"wp:featuredmedia":[{"embeddable":true,"href":"https:\/\/prestige-e.com\/fr\/wp-json\/wp\/v2\/media\/37212"}],"wp:attachment":[{"href":"https:\/\/prestige-e.com\/fr\/wp-json\/wp\/v2\/media?parent=37210"}],"wp:term":[{"taxonomy":"product_brand","embeddable":true,"href":"https:\/\/prestige-e.com\/fr\/wp-json\/wp\/v2\/product_brand?post=37210"},{"taxonomy":"product_cat","embeddable":true,"href":"https:\/\/prestige-e.com\/fr\/wp-json\/wp\/v2\/product_cat?post=37210"},{"taxonomy":"product_tag","embeddable":true,"href":"https:\/\/prestige-e.com\/fr\/wp-json\/wp\/v2\/product_tag?post=37210"}],"curies":[{"name":"wp","href":"https:\/\/api.w.org\/{rel}","templated":true}]}}