{"id":37204,"date":"2021-04-03T05:48:13","date_gmt":"2021-04-03T03:48:13","guid":{"rendered":"https:\/\/prestige-e.com\/product\/sac-a-dos-urban\/"},"modified":"2025-11-27T13:27:44","modified_gmt":"2025-11-27T12:27:44","slug":"sac-a-dos-urban","status":"publish","type":"product","link":"https:\/\/prestige-e.com\/fr\/produit\/sac-a-dos-urban\/","title":{"rendered":"Sac \u00e0 dos Urban"},"content":{"rendered":"","protected":false},"excerpt":{"rendered":"<p>L&rsquo;URBAN est un sac \u00e0 dos polyvalent en soft-shell et b\u00e2che haute densit\u00e9. Con\u00e7u pour accueillir un ordinateur portable jusqu&rsquo;\u00e0 14 pouces et une tablette jusqu&rsquo;\u00e0 10,5 pouces. L&rsquo;imperm\u00e9abilit\u00e9 de l&rsquo;URBAN en fait un mod\u00e8le unique.  <\/p>\n<p><strong>Quantit\u00e9 minimale de commande requise pour ce produit&nbsp;:<\/strong><\/p>\n","protected":false},"featured_media":37205,"comment_status":"closed","ping_status":"closed","template":"","meta":{"inline_featured_image":false},"product_brand":[],"product_cat":[146,227],"product_tag":[],"class_list":{"0":"post-37204","1":"product","2":"type-product","3":"status-publish","4":"has-post-thumbnail","6":"product_cat-articles-de-bureau","7":"product_cat-sacs-bureau","9":"first","10":"instock","11":"shipping-taxable","12":"purchasable","13":"product-type-simple"},"aioseo_notices":[],"_links":{"self":[{"href":"https:\/\/prestige-e.com\/fr\/wp-json\/wp\/v2\/product\/37204","targetHints":{"allow":["GET"]}}],"collection":[{"href":"https:\/\/prestige-e.com\/fr\/wp-json\/wp\/v2\/product"}],"about":[{"href":"https:\/\/prestige-e.com\/fr\/wp-json\/wp\/v2\/types\/product"}],"replies":[{"embeddable":true,"href":"https:\/\/prestige-e.com\/fr\/wp-json\/wp\/v2\/comments?post=37204"}],"wp:featuredmedia":[{"embeddable":true,"href":"https:\/\/prestige-e.com\/fr\/wp-json\/wp\/v2\/media\/37205"}],"wp:attachment":[{"href":"https:\/\/prestige-e.com\/fr\/wp-json\/wp\/v2\/media?parent=37204"}],"wp:term":[{"taxonomy":"product_brand","embeddable":true,"href":"https:\/\/prestige-e.com\/fr\/wp-json\/wp\/v2\/product_brand?post=37204"},{"taxonomy":"product_cat","embeddable":true,"href":"https:\/\/prestige-e.com\/fr\/wp-json\/wp\/v2\/product_cat?post=37204"},{"taxonomy":"product_tag","embeddable":true,"href":"https:\/\/prestige-e.com\/fr\/wp-json\/wp\/v2\/product_tag?post=37204"}],"curies":[{"name":"wp","href":"https:\/\/api.w.org\/{rel}","templated":true}]}}