{"id":37198,"date":"2021-04-02T10:20:47","date_gmt":"2021-04-02T08:20:47","guid":{"rendered":"https:\/\/prestige-e.com\/product\/kit-epi-jetable\/"},"modified":"2025-11-27T13:27:45","modified_gmt":"2025-11-27T12:27:45","slug":"kit-epi-jetable","status":"publish","type":"product","link":"https:\/\/prestige-e.com\/fr\/produit\/kit-epi-jetable\/","title":{"rendered":"Kit EPI jetable"},"content":{"rendered":"","protected":false},"excerpt":{"rendered":"<div class=\"\">\n<div class=\"\">\n<p class=\"description \">La blouse m\u00e9dicale jetable utilise un tissu non-tiss\u00e9 SMS\/SS comme mati\u00e8re premi\u00e8re, qui est fabriqu\u00e9 par d\u00e9coupe et couture.<br \/>\nMat\u00e9riau : Non-tiss\u00e9s Spunbond + Meltblown + Spunbond<br \/>\nTaille : Combinaison sans chaussures ; taille unique<\/p>\n<p>Application : Pour les institutions m\u00e9dicales, cliniques, services de maladies, laboratoires, etc. comme isolation jetable ordinaire.<\/p>\n<p><strong>Quantit\u00e9 minimale de commande requise pour ce produit&nbsp;:<\/strong><\/p>\n<\/div>\n<\/div>\n","protected":false},"featured_media":37201,"comment_status":"closed","ping_status":"closed","template":"","meta":{"inline_featured_image":false},"product_brand":[],"product_cat":[172,173],"product_tag":[],"class_list":{"0":"post-37198","1":"product","2":"type-product","3":"status-publish","4":"has-post-thumbnail","6":"product_cat-sante","7":"product_cat-vetements-de-travail-secteur-de-la-sante","9":"first","10":"instock","11":"shipping-taxable","12":"purchasable","13":"product-type-simple"},"aioseo_notices":[],"_links":{"self":[{"href":"https:\/\/prestige-e.com\/fr\/wp-json\/wp\/v2\/product\/37198","targetHints":{"allow":["GET"]}}],"collection":[{"href":"https:\/\/prestige-e.com\/fr\/wp-json\/wp\/v2\/product"}],"about":[{"href":"https:\/\/prestige-e.com\/fr\/wp-json\/wp\/v2\/types\/product"}],"replies":[{"embeddable":true,"href":"https:\/\/prestige-e.com\/fr\/wp-json\/wp\/v2\/comments?post=37198"}],"wp:featuredmedia":[{"embeddable":true,"href":"https:\/\/prestige-e.com\/fr\/wp-json\/wp\/v2\/media\/37201"}],"wp:attachment":[{"href":"https:\/\/prestige-e.com\/fr\/wp-json\/wp\/v2\/media?parent=37198"}],"wp:term":[{"taxonomy":"product_brand","embeddable":true,"href":"https:\/\/prestige-e.com\/fr\/wp-json\/wp\/v2\/product_brand?post=37198"},{"taxonomy":"product_cat","embeddable":true,"href":"https:\/\/prestige-e.com\/fr\/wp-json\/wp\/v2\/product_cat?post=37198"},{"taxonomy":"product_tag","embeddable":true,"href":"https:\/\/prestige-e.com\/fr\/wp-json\/wp\/v2\/product_tag?post=37198"}],"curies":[{"name":"wp","href":"https:\/\/api.w.org\/{rel}","templated":true}]}}