{"id":37163,"date":"2021-02-24T07:13:27","date_gmt":"2021-02-24T06:13:27","guid":{"rendered":"https:\/\/prestige-e.com\/product\/trousse-de-toilette\/"},"modified":"2025-12-05T09:30:31","modified_gmt":"2025-12-05T08:30:31","slug":"trousse-de-toilette","status":"publish","type":"product","link":"https:\/\/prestige-e.com\/fr\/produit\/trousse-de-toilette\/","title":{"rendered":"Trousse de toilette"},"content":{"rendered":"","protected":false},"excerpt":{"rendered":"<p>Confectionn\u00e9e en cuir de premi\u00e8re qualit\u00e9, cette trousse de toilette \u00e9l\u00e9gante allie design raffin\u00e9 et praticit\u00e9. Avec sa finition lisse et brillante, elle offre un style intemporel, \u00e0 la fois chic et r\u00e9sistant \u2014 parfaite pour ranger vos essentiels lors de vos voyages ou de votre usage quotidien. Soigneusement con\u00e7ue et finie avec pr\u00e9cision, cette trousse incarne le savoir-faire et l\u2019\u00e9l\u00e9gance artisanale.<\/p>\n<p>&nbsp;<\/p>\n<p><strong>Dimensions : 27 \u00d7 9 \u00d7 15 cm<\/strong><\/p>\n<p><strong>Toutes nos cr\u00e9ations en cuir peuvent \u00eatre personnalis\u00e9es selon vos besoins.<\/strong><\/p>\n<p><strong><br \/>\nCouleurs disponibles et quantit\u00e9 minimale de commande :<\/strong><\/p>\n","protected":false},"featured_media":37171,"comment_status":"closed","ping_status":"closed","template":"","meta":{"inline_featured_image":false},"product_brand":[],"product_cat":[169,170,167],"product_tag":[],"class_list":{"0":"post-37163","1":"product","2":"type-product","3":"status-publish","4":"has-post-thumbnail","6":"product_cat-etuis-creations-en-cuir","7":"product_cat-etuis-jsc","8":"product_cat-jsc","10":"first","11":"instock","12":"shipping-taxable","13":"purchasable","14":"product-type-variable","15":"has-default-attributes"},"aioseo_notices":[],"_links":{"self":[{"href":"https:\/\/prestige-e.com\/fr\/wp-json\/wp\/v2\/product\/37163","targetHints":{"allow":["GET"]}}],"collection":[{"href":"https:\/\/prestige-e.com\/fr\/wp-json\/wp\/v2\/product"}],"about":[{"href":"https:\/\/prestige-e.com\/fr\/wp-json\/wp\/v2\/types\/product"}],"replies":[{"embeddable":true,"href":"https:\/\/prestige-e.com\/fr\/wp-json\/wp\/v2\/comments?post=37163"}],"wp:featuredmedia":[{"embeddable":true,"href":"https:\/\/prestige-e.com\/fr\/wp-json\/wp\/v2\/media\/37171"}],"wp:attachment":[{"href":"https:\/\/prestige-e.com\/fr\/wp-json\/wp\/v2\/media?parent=37163"}],"wp:term":[{"taxonomy":"product_brand","embeddable":true,"href":"https:\/\/prestige-e.com\/fr\/wp-json\/wp\/v2\/product_brand?post=37163"},{"taxonomy":"product_cat","embeddable":true,"href":"https:\/\/prestige-e.com\/fr\/wp-json\/wp\/v2\/product_cat?post=37163"},{"taxonomy":"product_tag","embeddable":true,"href":"https:\/\/prestige-e.com\/fr\/wp-json\/wp\/v2\/product_tag?post=37163"}],"curies":[{"name":"wp","href":"https:\/\/api.w.org\/{rel}","templated":true}]}}