{"id":37150,"date":"2021-02-22T06:37:40","date_gmt":"2021-02-22T05:37:40","guid":{"rendered":"https:\/\/prestige-e.com\/product\/etui-a-bijoux\/"},"modified":"2025-11-27T13:27:48","modified_gmt":"2025-11-27T12:27:48","slug":"etui-a-bijoux","status":"publish","type":"product","link":"https:\/\/prestige-e.com\/fr\/produit\/etui-a-bijoux\/","title":{"rendered":"\u00c9tui \u00e0 bijoux"},"content":{"rendered":"","protected":false},"excerpt":{"rendered":"<p>Le compagnon de voyage id\u00e9al pour emporter vos accessoires pr\u00e9f\u00e9r\u00e9s. Cette trousse \u00e0 bijoux en cuir luxueuse allie \u00e9l\u00e9gance et praticit\u00e9, avec une grande attention port\u00e9e aux d\u00e9tails, afin de garder vos pr\u00e9cieux bijoux s\u00e9curis\u00e9s et bien organis\u00e9s o\u00f9 que vous alliez. Ferm\u00e9e par un lien en cuir \u00e9l\u00e9gant, elle comprend trois poches int\u00e9rieures zipp\u00e9es, parfaites pour ranger vos bracelets, colliers, charms et autres bijoux. Elle dispose \u00e9galement de deux emplacements d\u00e9di\u00e9s pour vos bagues et boucles d\u2019oreilles, afin que chaque pi\u00e8ce soit prot\u00e9g\u00e9e et facilement accessible. Alliance parfaite de savoir-faire, de style et de fonctionnalit\u00e9, cette trousse \u00e0 bijoux est un indispensable de voyage et une excellente id\u00e9e cadeau.<\/p>\n<p>&nbsp;<\/p>\n<p><strong>Toutes nos cr\u00e9ations en cuir peuvent \u00eatre personnalis\u00e9es selon vos besoins.<\/strong><\/p>\n<p><strong>Couleurs disponibles et quantit\u00e9 minimale de commande :<\/strong><\/p>\n","protected":false},"featured_media":37152,"comment_status":"closed","ping_status":"closed","template":"","meta":{"inline_featured_image":false},"product_brand":[],"product_cat":[169,170,167],"product_tag":[],"class_list":{"0":"post-37150","1":"product","2":"type-product","3":"status-publish","4":"has-post-thumbnail","6":"product_cat-etuis-creations-en-cuir","7":"product_cat-etuis-jsc","8":"product_cat-jsc","10":"first","11":"instock","12":"shipping-taxable","13":"purchasable","14":"product-type-variable","15":"has-default-attributes"},"aioseo_notices":[],"_links":{"self":[{"href":"https:\/\/prestige-e.com\/fr\/wp-json\/wp\/v2\/product\/37150","targetHints":{"allow":["GET"]}}],"collection":[{"href":"https:\/\/prestige-e.com\/fr\/wp-json\/wp\/v2\/product"}],"about":[{"href":"https:\/\/prestige-e.com\/fr\/wp-json\/wp\/v2\/types\/product"}],"replies":[{"embeddable":true,"href":"https:\/\/prestige-e.com\/fr\/wp-json\/wp\/v2\/comments?post=37150"}],"wp:featuredmedia":[{"embeddable":true,"href":"https:\/\/prestige-e.com\/fr\/wp-json\/wp\/v2\/media\/37152"}],"wp:attachment":[{"href":"https:\/\/prestige-e.com\/fr\/wp-json\/wp\/v2\/media?parent=37150"}],"wp:term":[{"taxonomy":"product_brand","embeddable":true,"href":"https:\/\/prestige-e.com\/fr\/wp-json\/wp\/v2\/product_brand?post=37150"},{"taxonomy":"product_cat","embeddable":true,"href":"https:\/\/prestige-e.com\/fr\/wp-json\/wp\/v2\/product_cat?post=37150"},{"taxonomy":"product_tag","embeddable":true,"href":"https:\/\/prestige-e.com\/fr\/wp-json\/wp\/v2\/product_tag?post=37150"}],"curies":[{"name":"wp","href":"https:\/\/api.w.org\/{rel}","templated":true}]}}