{"id":37146,"date":"2021-03-31T06:08:27","date_gmt":"2021-03-31T04:08:27","guid":{"rendered":"https:\/\/prestige-e.com\/product\/chargeur-sans-fil-oblio\/"},"modified":"2025-11-27T13:27:46","modified_gmt":"2025-11-27T12:27:46","slug":"chargeur-sans-fil-oblio","status":"publish","type":"product","link":"https:\/\/prestige-e.com\/fr\/produit\/chargeur-sans-fil-oblio\/","title":{"rendered":"Chargeur sans fil Oblio"},"content":{"rendered":"","protected":false},"excerpt":{"rendered":"<p>Station de charge sans fil avec d\u00e9sinfectant UV int\u00e9gr\u00e9.<br \/>\nCharge rapide : environ 3h n\u00e9cessaires pour une charge compl\u00e8te du smartphone<br \/>\nRetournez votre smartphone pour une d\u00e9sinfection \u00e0 360\u00b0<br \/>\nVoyant LED pour l&rsquo;indication du positionnement et de l&rsquo;\u00e9tat de charge<br \/>\nCompatible avec les smartphones \u00e9quip\u00e9s de la technologie Qi d&rsquo;une largeur maximale de 8,3 cm \/ \u00e9paisseur de 1,05 cm avec \u00e9tui (non m\u00e9tallique)<br \/>\nD\u00e9tection d&rsquo;objets \u00e9trangers.<\/p>\n<p><strong>Quantit\u00e9 minimale de commande requise pour ce produit :<\/strong><\/p>\n","protected":false},"featured_media":37147,"comment_status":"closed","ping_status":"closed","template":"","meta":{"inline_featured_image":false},"product_brand":[],"product_cat":[175,174],"product_tag":[],"class_list":{"0":"post-37146","1":"product","2":"type-product","3":"status-publish","4":"has-post-thumbnail","6":"product_cat-appareils-art-de-vivre","7":"product_cat-art-de-vivre","9":"first","10":"instock","11":"shipping-taxable","12":"purchasable","13":"product-type-simple"},"aioseo_notices":[],"_links":{"self":[{"href":"https:\/\/prestige-e.com\/fr\/wp-json\/wp\/v2\/product\/37146","targetHints":{"allow":["GET"]}}],"collection":[{"href":"https:\/\/prestige-e.com\/fr\/wp-json\/wp\/v2\/product"}],"about":[{"href":"https:\/\/prestige-e.com\/fr\/wp-json\/wp\/v2\/types\/product"}],"replies":[{"embeddable":true,"href":"https:\/\/prestige-e.com\/fr\/wp-json\/wp\/v2\/comments?post=37146"}],"wp:featuredmedia":[{"embeddable":true,"href":"https:\/\/prestige-e.com\/fr\/wp-json\/wp\/v2\/media\/37147"}],"wp:attachment":[{"href":"https:\/\/prestige-e.com\/fr\/wp-json\/wp\/v2\/media?parent=37146"}],"wp:term":[{"taxonomy":"product_brand","embeddable":true,"href":"https:\/\/prestige-e.com\/fr\/wp-json\/wp\/v2\/product_brand?post=37146"},{"taxonomy":"product_cat","embeddable":true,"href":"https:\/\/prestige-e.com\/fr\/wp-json\/wp\/v2\/product_cat?post=37146"},{"taxonomy":"product_tag","embeddable":true,"href":"https:\/\/prestige-e.com\/fr\/wp-json\/wp\/v2\/product_tag?post=37146"}],"curies":[{"name":"wp","href":"https:\/\/api.w.org\/{rel}","templated":true}]}}