{"id":37123,"date":"2021-03-31T06:19:09","date_gmt":"2021-03-31T04:19:09","guid":{"rendered":"https:\/\/prestige-e.com\/product\/blouses-de-laboratoire-a-manches-longues\/"},"modified":"2025-11-27T13:27:46","modified_gmt":"2025-11-27T12:27:46","slug":"blouses-de-laboratoire-a-manches-longues","status":"publish","type":"product","link":"https:\/\/prestige-e.com\/fr\/produit\/blouses-de-laboratoire-a-manches-longues\/","title":{"rendered":"Blouses de laboratoire \u00e0 manches longues"},"content":{"rendered":"","protected":false},"excerpt":{"rendered":"<p>Blouses de laboratoire \u00e0 manches longues en mat\u00e9riau gabardine polyester-viscose.<\/p>\n<p><strong>Caract\u00e9ristiques principales :<\/strong><br \/>\nDouble couture pour assurer la durabilit\u00e9<br \/>\nInstructions d&rsquo;entretien appropri\u00e9es selon les besoins<br \/>\nTailles : S, L, XL, XXL<\/p>\n<p>Mod\u00e8les : Veste longue \u00e0 manches courtes<br \/>\nVeste longue \u00e0 manches longues.<\/p>\n<p><strong>Quantit\u00e9 minimale de commande requise pour ce produit :<\/strong><\/p>\n<p>&nbsp;<\/p>\n","protected":false},"featured_media":37125,"comment_status":"closed","ping_status":"closed","template":"","meta":{"inline_featured_image":false},"product_brand":[],"product_cat":[172,173],"product_tag":[],"class_list":{"0":"post-37123","1":"product","2":"type-product","3":"status-publish","4":"has-post-thumbnail","6":"product_cat-sante","7":"product_cat-vetements-de-travail-secteur-de-la-sante","9":"first","10":"instock","11":"shipping-taxable","12":"purchasable","13":"product-type-simple"},"aioseo_notices":[],"_links":{"self":[{"href":"https:\/\/prestige-e.com\/fr\/wp-json\/wp\/v2\/product\/37123","targetHints":{"allow":["GET"]}}],"collection":[{"href":"https:\/\/prestige-e.com\/fr\/wp-json\/wp\/v2\/product"}],"about":[{"href":"https:\/\/prestige-e.com\/fr\/wp-json\/wp\/v2\/types\/product"}],"replies":[{"embeddable":true,"href":"https:\/\/prestige-e.com\/fr\/wp-json\/wp\/v2\/comments?post=37123"}],"wp:featuredmedia":[{"embeddable":true,"href":"https:\/\/prestige-e.com\/fr\/wp-json\/wp\/v2\/media\/37125"}],"wp:attachment":[{"href":"https:\/\/prestige-e.com\/fr\/wp-json\/wp\/v2\/media?parent=37123"}],"wp:term":[{"taxonomy":"product_brand","embeddable":true,"href":"https:\/\/prestige-e.com\/fr\/wp-json\/wp\/v2\/product_brand?post=37123"},{"taxonomy":"product_cat","embeddable":true,"href":"https:\/\/prestige-e.com\/fr\/wp-json\/wp\/v2\/product_cat?post=37123"},{"taxonomy":"product_tag","embeddable":true,"href":"https:\/\/prestige-e.com\/fr\/wp-json\/wp\/v2\/product_tag?post=37123"}],"curies":[{"name":"wp","href":"https:\/\/api.w.org\/{rel}","templated":true}]}}