{"id":37122,"date":"2021-02-24T05:29:45","date_gmt":"2021-02-24T04:29:45","guid":{"rendered":"https:\/\/prestige-e.com\/product\/trousse-de-maquillage\/"},"modified":"2025-11-27T13:27:47","modified_gmt":"2025-11-27T12:27:47","slug":"trousse-de-maquillage","status":"publish","type":"product","link":"https:\/\/prestige-e.com\/fr\/produit\/trousse-de-maquillage\/","title":{"rendered":"Trousse de maquillage"},"content":{"rendered":"","protected":false},"excerpt":{"rendered":"<p>Un ensemble de trois pochettes cosm\u00e9tiques en cuir de tailles diff\u00e9rentes \u2014 le compagnon de voyage id\u00e9al pour garder vos essentiels soigneusement organis\u00e9s. Le Trio de pochettes cosm\u00e9tiques allie \u00e9l\u00e9gance, praticit\u00e9 et polyvalence, s\u2019adaptant \u00e0 tous vos besoins, o\u00f9 que vous soyez. Choisissez la taille qui convient \u00e0 votre journ\u00e9e, ou utilisez les trois pochettes ensemble lors de vos d\u00e9placements pour ranger maquillage, soins ou petits accessoires avec style.<\/p>\n<p>&nbsp;<\/p>\n<p><strong>Dimensions :<\/strong><\/p>\n<ul>\n<li><strong>Grande pochette : 18 \u00d7 6 \u00d7 12 cm<\/strong><\/li>\n<li><strong>Pochette moyenne : 15 \u00d7 5,9 \u00d7 10 cm<\/strong><\/li>\n<li><strong>Petite pochette : 11 \u00d7 7 \u00d7 5,2 cm<\/strong><\/li>\n<\/ul>\n<p><strong>Toutes nos cr\u00e9ations en cuir peuvent \u00eatre personnalis\u00e9es selon vos besoins.<\/strong><\/p>\n<p><strong><br \/>\nCouleurs disponibles et quantit\u00e9 minimale de commande :<\/strong><\/p>\n","protected":false},"featured_media":37124,"comment_status":"closed","ping_status":"closed","template":"","meta":{"inline_featured_image":false},"product_brand":[],"product_cat":[169,170,167],"product_tag":[],"class_list":{"0":"post-37122","1":"product","2":"type-product","3":"status-publish","4":"has-post-thumbnail","6":"product_cat-etuis-creations-en-cuir","7":"product_cat-etuis-jsc","8":"product_cat-jsc","10":"first","11":"instock","12":"shipping-taxable","13":"purchasable","14":"product-type-variable","15":"has-default-attributes"},"aioseo_notices":[],"_links":{"self":[{"href":"https:\/\/prestige-e.com\/fr\/wp-json\/wp\/v2\/product\/37122","targetHints":{"allow":["GET"]}}],"collection":[{"href":"https:\/\/prestige-e.com\/fr\/wp-json\/wp\/v2\/product"}],"about":[{"href":"https:\/\/prestige-e.com\/fr\/wp-json\/wp\/v2\/types\/product"}],"replies":[{"embeddable":true,"href":"https:\/\/prestige-e.com\/fr\/wp-json\/wp\/v2\/comments?post=37122"}],"wp:featuredmedia":[{"embeddable":true,"href":"https:\/\/prestige-e.com\/fr\/wp-json\/wp\/v2\/media\/37124"}],"wp:attachment":[{"href":"https:\/\/prestige-e.com\/fr\/wp-json\/wp\/v2\/media?parent=37122"}],"wp:term":[{"taxonomy":"product_brand","embeddable":true,"href":"https:\/\/prestige-e.com\/fr\/wp-json\/wp\/v2\/product_brand?post=37122"},{"taxonomy":"product_cat","embeddable":true,"href":"https:\/\/prestige-e.com\/fr\/wp-json\/wp\/v2\/product_cat?post=37122"},{"taxonomy":"product_tag","embeddable":true,"href":"https:\/\/prestige-e.com\/fr\/wp-json\/wp\/v2\/product_tag?post=37122"}],"curies":[{"name":"wp","href":"https:\/\/api.w.org\/{rel}","templated":true}]}}