{"id":37098,"date":"2021-02-17T11:14:20","date_gmt":"2021-02-17T10:14:20","guid":{"rendered":"https:\/\/prestige-e.com\/product\/portefeuille-femme\/"},"modified":"2025-11-27T13:27:49","modified_gmt":"2025-11-27T12:27:49","slug":"portefeuille-femme","status":"publish","type":"product","link":"https:\/\/prestige-e.com\/fr\/produit\/portefeuille-femme\/","title":{"rendered":"Portefeuille femme"},"content":{"rendered":"","protected":false},"excerpt":{"rendered":"<p>Un portefeuille compact et \u00e9l\u00e9gant, soigneusement con\u00e7u pour un usage quotidien. Il comprend 4 fentes pour cartes, 4 compartiments pour billets et 1 poche \u00e0 bouton-pression pour les pi\u00e8ces de monnaie \u2014 id\u00e9al pour garder vos essentiels bien organis\u00e9s dans un format raffin\u00e9. \u00c0 la fois pratique et raffin\u00e9, il constitue \u00e9galement une excellente id\u00e9e cadeau et peut \u00eatre enti\u00e8rement personnalis\u00e9 selon vos envies.<\/p>\n<p>&nbsp;<\/p>\n<p><strong>Dimensions (ferm\u00e9) : 11,5 \u00d7 2 \u00d7 9 cm<\/strong><\/p>\n<p><strong>Toutes nos cr\u00e9ations en cuir peuvent \u00eatre personnalis\u00e9es selon vos besoins.<\/strong><\/p>\n<p><strong><br \/>\nCouleurs disponibles et quantit\u00e9 minimum de commande :<\/strong><\/p>\n","protected":false},"featured_media":37099,"comment_status":"closed","ping_status":"closed","template":"","meta":{"inline_featured_image":false},"product_brand":[],"product_cat":[164,165],"product_tag":[],"class_list":{"0":"post-37098","1":"product","2":"type-product","3":"status-publish","4":"has-post-thumbnail","6":"product_cat-portefeuilles-creations-en-cuir","7":"product_cat-portefeuilles-jsc","9":"first","10":"instock","11":"shipping-taxable","12":"purchasable","13":"product-type-variable","14":"has-default-attributes"},"aioseo_notices":[],"_links":{"self":[{"href":"https:\/\/prestige-e.com\/fr\/wp-json\/wp\/v2\/product\/37098","targetHints":{"allow":["GET"]}}],"collection":[{"href":"https:\/\/prestige-e.com\/fr\/wp-json\/wp\/v2\/product"}],"about":[{"href":"https:\/\/prestige-e.com\/fr\/wp-json\/wp\/v2\/types\/product"}],"replies":[{"embeddable":true,"href":"https:\/\/prestige-e.com\/fr\/wp-json\/wp\/v2\/comments?post=37098"}],"wp:featuredmedia":[{"embeddable":true,"href":"https:\/\/prestige-e.com\/fr\/wp-json\/wp\/v2\/media\/37099"}],"wp:attachment":[{"href":"https:\/\/prestige-e.com\/fr\/wp-json\/wp\/v2\/media?parent=37098"}],"wp:term":[{"taxonomy":"product_brand","embeddable":true,"href":"https:\/\/prestige-e.com\/fr\/wp-json\/wp\/v2\/product_brand?post=37098"},{"taxonomy":"product_cat","embeddable":true,"href":"https:\/\/prestige-e.com\/fr\/wp-json\/wp\/v2\/product_cat?post=37098"},{"taxonomy":"product_tag","embeddable":true,"href":"https:\/\/prestige-e.com\/fr\/wp-json\/wp\/v2\/product_tag?post=37098"}],"curies":[{"name":"wp","href":"https:\/\/api.w.org\/{rel}","templated":true}]}}