{"id":37076,"date":"2021-02-20T10:48:12","date_gmt":"2021-02-20T09:48:12","guid":{"rendered":"https:\/\/prestige-e.com\/product\/portefeuille-pour-passeport\/"},"modified":"2025-11-27T13:27:48","modified_gmt":"2025-11-27T12:27:48","slug":"portefeuille-pour-passeport","status":"publish","type":"product","link":"https:\/\/prestige-e.com\/fr\/produit\/portefeuille-pour-passeport\/","title":{"rendered":"Portefeuille pour passeport"},"content":{"rendered":"","protected":false},"excerpt":{"rendered":"<p>Un portefeuille compact et raffin\u00e9, parfaitement con\u00e7u pour un usage quotidien. Il comprend 4 fentes pour cartes, 4 compartiments pour billets et 1 poche \u00e0 bouton-pression pour les pi\u00e8ces de monnaie \u2014 l\u2019id\u00e9al pour garder vos essentiels bien organis\u00e9s dans un design sobre et \u00e9l\u00e9gant. \u00c0 la fois pratique et sophistiqu\u00e9, il constitue une excellente id\u00e9e cadeau pour homme et peut \u00eatre enti\u00e8rement personnalis\u00e9 selon vos pr\u00e9f\u00e9rences.<\/p>\n<p>&nbsp;<\/p>\n<p><strong>Dimensions (ferm\u00e9) : 11,5 \u00d7 2 \u00d7 9 cm<\/strong><\/p>\n<p><strong>Toutes nos cr\u00e9ations en cuir peuvent \u00eatre personnalis\u00e9es selon vos besoins.<\/strong><\/p>\n<p><strong><br \/>\nCouleurs disponibles et quantit\u00e9 minimale de commande :<\/strong><\/p>\n","protected":false},"featured_media":37078,"comment_status":"closed","ping_status":"closed","template":"","meta":{"inline_featured_image":false},"product_brand":[],"product_cat":[164,165],"product_tag":[],"class_list":{"0":"post-37076","1":"product","2":"type-product","3":"status-publish","4":"has-post-thumbnail","6":"product_cat-portefeuilles-creations-en-cuir","7":"product_cat-portefeuilles-jsc","9":"first","10":"instock","11":"shipping-taxable","12":"purchasable","13":"product-type-variable","14":"has-default-attributes"},"aioseo_notices":[],"_links":{"self":[{"href":"https:\/\/prestige-e.com\/fr\/wp-json\/wp\/v2\/product\/37076","targetHints":{"allow":["GET"]}}],"collection":[{"href":"https:\/\/prestige-e.com\/fr\/wp-json\/wp\/v2\/product"}],"about":[{"href":"https:\/\/prestige-e.com\/fr\/wp-json\/wp\/v2\/types\/product"}],"replies":[{"embeddable":true,"href":"https:\/\/prestige-e.com\/fr\/wp-json\/wp\/v2\/comments?post=37076"}],"wp:featuredmedia":[{"embeddable":true,"href":"https:\/\/prestige-e.com\/fr\/wp-json\/wp\/v2\/media\/37078"}],"wp:attachment":[{"href":"https:\/\/prestige-e.com\/fr\/wp-json\/wp\/v2\/media?parent=37076"}],"wp:term":[{"taxonomy":"product_brand","embeddable":true,"href":"https:\/\/prestige-e.com\/fr\/wp-json\/wp\/v2\/product_brand?post=37076"},{"taxonomy":"product_cat","embeddable":true,"href":"https:\/\/prestige-e.com\/fr\/wp-json\/wp\/v2\/product_cat?post=37076"},{"taxonomy":"product_tag","embeddable":true,"href":"https:\/\/prestige-e.com\/fr\/wp-json\/wp\/v2\/product_tag?post=37076"}],"curies":[{"name":"wp","href":"https:\/\/api.w.org\/{rel}","templated":true}]}}