{"id":37008,"date":"2021-02-17T06:26:23","date_gmt":"2021-02-17T05:26:23","guid":{"rendered":"https:\/\/prestige-e.com\/product\/sac-pour-ordinateur-portable\/"},"modified":"2025-11-27T13:27:50","modified_gmt":"2025-11-27T12:27:50","slug":"sac-pour-ordinateur-portable","status":"publish","type":"product","link":"https:\/\/prestige-e.com\/fr\/produit\/sac-pour-ordinateur-portable\/","title":{"rendered":"Sac pour ordinateur portable"},"content":{"rendered":"","protected":false},"excerpt":{"rendered":"<p>Confectionn\u00e9 en cuir v\u00e9ritable de haute qualit\u00e9, ce sac pour ordinateur portable allie simplicit\u00e9 et \u00e9l\u00e9gance. Con\u00e7u pour les professionnels soucieux de leur style et de leur organisation, il convient aussi bien aux hommes qu\u2019aux femmes. Gr\u00e2ce \u00e0 ses poign\u00e9es solides, ses fermetures \u00e9clair souples et son design \u00e9pur\u00e9 et intemporel, ce sac apporte une touche de classe et de confiance \u00e0 toutes vos tenues professionnelles \u2014 le compagnon id\u00e9al pour toutes les carri\u00e8res.<\/p>\n<p>&nbsp;<\/p>\n<p><strong>Dimensions : 40 \u00d7 11 \u00d7 31 cm<\/strong><\/p>\n<p><strong>Toutes nos cr\u00e9ations en cuir peuvent \u00eatre personnalis\u00e9es selon vos besoins.<\/strong><\/p>\n<p><strong><br \/>\nCouleurs disponibles et quantit\u00e9 minimale de commande :<\/strong><\/p>\n","protected":false},"featured_media":39738,"comment_status":"closed","ping_status":"closed","template":"","meta":{"inline_featured_image":false},"product_brand":[],"product_cat":[167,166,168],"product_tag":[],"class_list":{"0":"post-37008","1":"product","2":"type-product","3":"status-publish","4":"has-post-thumbnail","6":"product_cat-jsc","7":"product_cat-sacs-creations-en-cuir","8":"product_cat-sacs-jsc","10":"first","11":"instock","12":"shipping-taxable","13":"purchasable","14":"product-type-variable","15":"has-default-attributes"},"aioseo_notices":[],"_links":{"self":[{"href":"https:\/\/prestige-e.com\/fr\/wp-json\/wp\/v2\/product\/37008","targetHints":{"allow":["GET"]}}],"collection":[{"href":"https:\/\/prestige-e.com\/fr\/wp-json\/wp\/v2\/product"}],"about":[{"href":"https:\/\/prestige-e.com\/fr\/wp-json\/wp\/v2\/types\/product"}],"replies":[{"embeddable":true,"href":"https:\/\/prestige-e.com\/fr\/wp-json\/wp\/v2\/comments?post=37008"}],"wp:featuredmedia":[{"embeddable":true,"href":"https:\/\/prestige-e.com\/fr\/wp-json\/wp\/v2\/media\/39738"}],"wp:attachment":[{"href":"https:\/\/prestige-e.com\/fr\/wp-json\/wp\/v2\/media?parent=37008"}],"wp:term":[{"taxonomy":"product_brand","embeddable":true,"href":"https:\/\/prestige-e.com\/fr\/wp-json\/wp\/v2\/product_brand?post=37008"},{"taxonomy":"product_cat","embeddable":true,"href":"https:\/\/prestige-e.com\/fr\/wp-json\/wp\/v2\/product_cat?post=37008"},{"taxonomy":"product_tag","embeddable":true,"href":"https:\/\/prestige-e.com\/fr\/wp-json\/wp\/v2\/product_tag?post=37008"}],"curies":[{"name":"wp","href":"https:\/\/api.w.org\/{rel}","templated":true}]}}