{"id":36984,"date":"2021-02-17T10:55:32","date_gmt":"2021-02-17T09:55:32","guid":{"rendered":"https:\/\/prestige-e.com\/product\/portefeuilles-en-cuir\/"},"modified":"2025-11-27T13:27:50","modified_gmt":"2025-11-27T12:27:50","slug":"portefeuilles-en-cuir","status":"publish","type":"product","link":"https:\/\/prestige-e.com\/fr\/produit\/portefeuilles-en-cuir\/","title":{"rendered":"Portefeuilles en cuir"},"content":{"rendered":"","protected":false},"excerpt":{"rendered":"<p>Con\u00e7u pour les voyageurs modernes, ce porte-passeport \u00e9l\u00e9gant garde vos essentiels bien organis\u00e9s et en s\u00e9curit\u00e9 o\u00f9 que vous alliez. Il dispose de poches d\u00e9di\u00e9es pour votre passeport, ainsi que de deux fentes pratiques pour y glisser votre carte d\u2019embarquement, vos cartes de fid\u00e9lit\u00e9 ou autres documents de voyage. Fabriqu\u00e9 en cuir de premi\u00e8re qualit\u00e9, il allie style, durabilit\u00e9 et praticit\u00e9, faisant de lui le compagnon id\u00e9al pour tous vos d\u00e9placements. <\/p>\n<p><strong>Dimensions ext\u00e9rieures (ouvert) : 14 \u00d7 20 cm<\/strong><br \/>\n<strong>Toutes nos cr\u00e9ations en cuir peuvent \u00eatre personnalis\u00e9es selon vos besoins.<\/strong><\/p>\n<p><strong><br \/>\nCouleurs disponibles et quantit\u00e9 minimale de commande :<\/strong><\/p>\n","protected":false},"featured_media":39893,"comment_status":"closed","ping_status":"closed","template":"","meta":{"inline_featured_image":false},"product_brand":[],"product_cat":[164,165],"product_tag":[],"class_list":{"0":"post-36984","1":"product","2":"type-product","3":"status-publish","4":"has-post-thumbnail","6":"product_cat-portefeuilles-creations-en-cuir","7":"product_cat-portefeuilles-jsc","9":"first","10":"instock","11":"shipping-taxable","12":"purchasable","13":"product-type-variable","14":"has-default-attributes"},"aioseo_notices":[],"_links":{"self":[{"href":"https:\/\/prestige-e.com\/fr\/wp-json\/wp\/v2\/product\/36984","targetHints":{"allow":["GET"]}}],"collection":[{"href":"https:\/\/prestige-e.com\/fr\/wp-json\/wp\/v2\/product"}],"about":[{"href":"https:\/\/prestige-e.com\/fr\/wp-json\/wp\/v2\/types\/product"}],"replies":[{"embeddable":true,"href":"https:\/\/prestige-e.com\/fr\/wp-json\/wp\/v2\/comments?post=36984"}],"wp:featuredmedia":[{"embeddable":true,"href":"https:\/\/prestige-e.com\/fr\/wp-json\/wp\/v2\/media\/39893"}],"wp:attachment":[{"href":"https:\/\/prestige-e.com\/fr\/wp-json\/wp\/v2\/media?parent=36984"}],"wp:term":[{"taxonomy":"product_brand","embeddable":true,"href":"https:\/\/prestige-e.com\/fr\/wp-json\/wp\/v2\/product_brand?post=36984"},{"taxonomy":"product_cat","embeddable":true,"href":"https:\/\/prestige-e.com\/fr\/wp-json\/wp\/v2\/product_cat?post=36984"},{"taxonomy":"product_tag","embeddable":true,"href":"https:\/\/prestige-e.com\/fr\/wp-json\/wp\/v2\/product_tag?post=36984"}],"curies":[{"name":"wp","href":"https:\/\/api.w.org\/{rel}","templated":true}]}}