{"id":36976,"date":"2021-02-12T11:40:08","date_gmt":"2021-02-12T10:40:08","guid":{"rendered":"https:\/\/prestige-e.com\/product\/casse-noix\/"},"modified":"2025-11-27T13:27:52","modified_gmt":"2025-11-27T12:27:52","slug":"casse-noix","status":"publish","type":"product","link":"https:\/\/prestige-e.com\/fr\/produit\/casse-noix\/","title":{"rendered":"Casse-noix"},"content":{"rendered":"","protected":false},"excerpt":{"rendered":"<p>Le Casse-noix est un outil petit et \u00e9l\u00e9gant fabriqu\u00e9 en acier coul\u00e9 de pr\u00e9cision qui fait r\u00e9f\u00e9rence \u00e0 un geste archa\u00efque de l&rsquo;univers agricole-sylvestre : ouvrir une noix avec les deux mains et l&rsquo;aide d&rsquo;un petit poin\u00e7on de poche. L&rsquo;image qui a inspir\u00e9 le designer est li\u00e9e aux petites h\u00e9lices des graines d&rsquo;\u00e9rable : un signe de libert\u00e9 et de fusion entre diff\u00e9rents mondes culturels.<\/p>\n<p><strong><br \/>\nSi vous \u00eates int\u00e9ress\u00e9 par d&rsquo;autres produits d&rsquo;Alessi, veuillez nous en informer.<\/p>\n<p>Quantit\u00e9 minimum de commande requise pour ce produit :<\/strong><\/p>\n","protected":false},"featured_media":36978,"comment_status":"closed","ping_status":"closed","template":"","meta":{"inline_featured_image":false},"product_brand":[],"product_cat":[150,151],"product_tag":[],"class_list":{"0":"post-36976","1":"product","2":"type-product","3":"status-publish","4":"has-post-thumbnail","6":"product_cat-alessi","7":"product_cat-table","9":"first","10":"instock","11":"shipping-taxable","12":"purchasable","13":"product-type-simple"},"aioseo_notices":[],"_links":{"self":[{"href":"https:\/\/prestige-e.com\/fr\/wp-json\/wp\/v2\/product\/36976","targetHints":{"allow":["GET"]}}],"collection":[{"href":"https:\/\/prestige-e.com\/fr\/wp-json\/wp\/v2\/product"}],"about":[{"href":"https:\/\/prestige-e.com\/fr\/wp-json\/wp\/v2\/types\/product"}],"replies":[{"embeddable":true,"href":"https:\/\/prestige-e.com\/fr\/wp-json\/wp\/v2\/comments?post=36976"}],"wp:featuredmedia":[{"embeddable":true,"href":"https:\/\/prestige-e.com\/fr\/wp-json\/wp\/v2\/media\/36978"}],"wp:attachment":[{"href":"https:\/\/prestige-e.com\/fr\/wp-json\/wp\/v2\/media?parent=36976"}],"wp:term":[{"taxonomy":"product_brand","embeddable":true,"href":"https:\/\/prestige-e.com\/fr\/wp-json\/wp\/v2\/product_brand?post=36976"},{"taxonomy":"product_cat","embeddable":true,"href":"https:\/\/prestige-e.com\/fr\/wp-json\/wp\/v2\/product_cat?post=36976"},{"taxonomy":"product_tag","embeddable":true,"href":"https:\/\/prestige-e.com\/fr\/wp-json\/wp\/v2\/product_tag?post=36976"}],"curies":[{"name":"wp","href":"https:\/\/api.w.org\/{rel}","templated":true}]}}