{"id":36970,"date":"2021-02-15T12:52:38","date_gmt":"2021-02-15T11:52:38","guid":{"rendered":"https:\/\/prestige-e.com\/product\/carnet-de-luxe\/"},"modified":"2025-11-27T13:27:51","modified_gmt":"2025-11-27T12:27:51","slug":"carnet-de-luxe","status":"publish","type":"product","link":"https:\/\/prestige-e.com\/fr\/produit\/carnet-de-luxe\/","title":{"rendered":"Carnet de luxe"},"content":{"rendered":"","protected":false},"excerpt":{"rendered":"<p>Carnet A5 avec 160 pages lign\u00e9es de couleur cr\u00e8me en papier 80g\/m2. La couverture avant dispose d&rsquo;une pochette flexible pour t\u00e9l\u00e9phone, d&rsquo;une pochette pour stylo et d&rsquo;une pochette plus grande pour documents. La pochette pour t\u00e9l\u00e9phone fait 8 cm de large et convient \u00e0 l&rsquo;iPhone 7 plus.<\/p>\n","protected":false},"featured_media":36972,"comment_status":"closed","ping_status":"closed","template":"","meta":{"inline_featured_image":false},"product_brand":[],"product_cat":[146,147],"product_tag":[],"class_list":{"0":"post-36970","1":"product","2":"type-product","3":"status-publish","4":"has-post-thumbnail","6":"product_cat-articles-de-bureau","7":"product_cat-carnet-articles-de-bureau","9":"first","10":"instock","11":"shipping-taxable","12":"purchasable","13":"product-type-simple"},"aioseo_notices":[],"_links":{"self":[{"href":"https:\/\/prestige-e.com\/fr\/wp-json\/wp\/v2\/product\/36970","targetHints":{"allow":["GET"]}}],"collection":[{"href":"https:\/\/prestige-e.com\/fr\/wp-json\/wp\/v2\/product"}],"about":[{"href":"https:\/\/prestige-e.com\/fr\/wp-json\/wp\/v2\/types\/product"}],"replies":[{"embeddable":true,"href":"https:\/\/prestige-e.com\/fr\/wp-json\/wp\/v2\/comments?post=36970"}],"wp:featuredmedia":[{"embeddable":true,"href":"https:\/\/prestige-e.com\/fr\/wp-json\/wp\/v2\/media\/36972"}],"wp:attachment":[{"href":"https:\/\/prestige-e.com\/fr\/wp-json\/wp\/v2\/media?parent=36970"}],"wp:term":[{"taxonomy":"product_brand","embeddable":true,"href":"https:\/\/prestige-e.com\/fr\/wp-json\/wp\/v2\/product_brand?post=36970"},{"taxonomy":"product_cat","embeddable":true,"href":"https:\/\/prestige-e.com\/fr\/wp-json\/wp\/v2\/product_cat?post=36970"},{"taxonomy":"product_tag","embeddable":true,"href":"https:\/\/prestige-e.com\/fr\/wp-json\/wp\/v2\/product_tag?post=36970"}],"curies":[{"name":"wp","href":"https:\/\/api.w.org\/{rel}","templated":true}]}}