{"id":37006,"date":"2026-02-23T08:00:24","date_gmt":"2026-02-23T07:00:24","guid":{"rendered":"https:\/\/prestige-e.com\/mentions-legales\/"},"modified":"2026-03-03T19:22:12","modified_gmt":"2026-03-03T18:22:12","slug":"mentions-legales","status":"publish","type":"page","link":"https:\/\/prestige-e.com\/fr\/mentions-legales\/","title":{"rendered":"Mentions l\u00e9gales"},"content":{"rendered":"\t\t<div data-elementor-type=\"wp-page\" data-elementor-id=\"37006\" class=\"elementor elementor-37006 elementor-35314\" data-elementor-settings=\"{&quot;element_pack_global_tooltip_width&quot;:{&quot;unit&quot;:&quot;px&quot;,&quot;size&quot;:&quot;&quot;,&quot;sizes&quot;:[]},&quot;element_pack_global_tooltip_width_tablet&quot;:{&quot;unit&quot;:&quot;px&quot;,&quot;size&quot;:&quot;&quot;,&quot;sizes&quot;:[]},&quot;element_pack_global_tooltip_width_mobile&quot;:{&quot;unit&quot;:&quot;px&quot;,&quot;size&quot;:&quot;&quot;,&quot;sizes&quot;:[]},&quot;element_pack_global_tooltip_padding&quot;:{&quot;unit&quot;:&quot;px&quot;,&quot;top&quot;:&quot;&quot;,&quot;right&quot;:&quot;&quot;,&quot;bottom&quot;:&quot;&quot;,&quot;left&quot;:&quot;&quot;,&quot;isLinked&quot;:true},&quot;element_pack_global_tooltip_padding_tablet&quot;:{&quot;unit&quot;:&quot;px&quot;,&quot;top&quot;:&quot;&quot;,&quot;right&quot;:&quot;&quot;,&quot;bottom&quot;:&quot;&quot;,&quot;left&quot;:&quot;&quot;,&quot;isLinked&quot;:true},&quot;element_pack_global_tooltip_padding_mobile&quot;:{&quot;unit&quot;:&quot;px&quot;,&quot;top&quot;:&quot;&quot;,&quot;right&quot;:&quot;&quot;,&quot;bottom&quot;:&quot;&quot;,&quot;left&quot;:&quot;&quot;,&quot;isLinked&quot;:true},&quot;element_pack_global_tooltip_border_radius&quot;:{&quot;unit&quot;:&quot;px&quot;,&quot;top&quot;:&quot;&quot;,&quot;right&quot;:&quot;&quot;,&quot;bottom&quot;:&quot;&quot;,&quot;left&quot;:&quot;&quot;,&quot;isLinked&quot;:true},&quot;element_pack_global_tooltip_border_radius_tablet&quot;:{&quot;unit&quot;:&quot;px&quot;,&quot;top&quot;:&quot;&quot;,&quot;right&quot;:&quot;&quot;,&quot;bottom&quot;:&quot;&quot;,&quot;left&quot;:&quot;&quot;,&quot;isLinked&quot;:true},&quot;element_pack_global_tooltip_border_radius_mobile&quot;:{&quot;unit&quot;:&quot;px&quot;,&quot;top&quot;:&quot;&quot;,&quot;right&quot;:&quot;&quot;,&quot;bottom&quot;:&quot;&quot;,&quot;left&quot;:&quot;&quot;,&quot;isLinked&quot;:true}}\" data-elementor-post-type=\"page\">\n\t\t\t\t<div class=\"elementor-element elementor-element-c6e1886 e-flex e-con-boxed e-con e-parent\" data-id=\"c6e1886\" data-element_type=\"container\" data-e-type=\"container\" data-settings=\"{&quot;background_background&quot;:&quot;classic&quot;}\">\n\t\t\t\t\t<div class=\"e-con-inner\">\n\t\t\t\t<div class=\"elementor-element elementor-element-ea5f5fe elementor-widget elementor-widget-uicore-woo-breadcrumbs\" data-id=\"ea5f5fe\" data-element_type=\"widget\" data-e-type=\"widget\" data-widget_type=\"uicore-woo-breadcrumbs.default\">\n\t\t\t\t<div class=\"elementor-widget-container\">\n\t\t\t\t\t<nav class=\"woocommerce-breadcrumb\" aria-label=\"Breadcrumb\">Accueil<\/nav>\t\t\t\t<\/div>\n\t\t\t\t<\/div>\n\t\t\t\t<div class=\"elementor-element elementor-element-b98e0f2 elementor-widget elementor-widget-heading\" data-id=\"b98e0f2\" data-element_type=\"widget\" data-e-type=\"widget\" data-widget_type=\"heading.default\">\n\t\t\t\t\t<h1 class=\"elementor-heading-title elementor-size-default\">Mentions l\u00e9gales<\/h1>\t\t\t\t<\/div>\n\t\t\t\t\t<\/div>\n\t\t\t\t<\/div>\n\t\t<div class=\"elementor-element elementor-element-1e895c0 e-flex e-con-boxed e-con e-parent\" data-id=\"1e895c0\" data-element_type=\"container\" data-e-type=\"container\">\n\t\t\t\t\t<div class=\"e-con-inner\">\n\t\t\t\t<div class=\"elementor-element elementor-element-1b7187d elementor-widget elementor-widget-text-editor\" data-id=\"1b7187d\" data-element_type=\"widget\" data-e-type=\"widget\" data-widget_type=\"text-editor.default\">\n\t\t\t\t\t\t\t\t\t<h3>\u00c9diteur du site<\/h3>\n<p>\n  <strong>Prestige Enterprise S\u00e0rl<\/strong><br> Route de Saint-Cergue 24<br>  1260 Nyon, Suisse<br>  T\u00e9l\u00e9phone :  <a href=\"tel:+41227762272\">+41 (0)22 776 22 72<\/a><br> Email :  <a class=\"cursor-pointer\" href=\"mailto:enquiry@prestige-e.com\" rel=\"noopener\">enquiry@prestige-e.com<\/a><br> Site web :  <a href=\"https:\/\/www.prestige-e.com\" target=\"_blank\" rel=\"noopener\">www.prestige-e.com<\/a><br> N\u00b0 UID\/TVA : CHE-104.999.060<br>  N\u00b0 au registre du commerce : CH-550.0.134.263-0<br>  Registre du commerce : Canton de Vaud (VD)<br>  Forme juridique : soci\u00e9t\u00e9 \u00e0 responsabilit\u00e9 limit\u00e9e (S\u00e0rl)<br>  Capital social : CHF 20 000<br>  Si\u00e8ge social : Nyon, Suisse<br>  Directeurs g\u00e9n\u00e9raux : James cherian, Naomi cherian\n<\/p>\n\n<hr>\n\n<h3>H\u00e9bergeur<\/h3>\n<p>\n  Le site web est h\u00e9berg\u00e9 en Suisse par :<br>  <strong>Infomaniak Network SA<\/strong><br> Rue Eug\u00e8ne-Marziano 25<br> 1227 Les Acacias, Gen\u00e8ve, Suisse<br> Site web : <a class=\"cursor-pointer\" href=\"https:\/\/www.infomaniak.com\" target=\"_blank\" rel=\"noopener\">www.infomaniak.com<\/a>\n<\/p>\n\n<hr>\n\n<h3>Webmestre<\/h3>\n<p>\n  Conception, d\u00e9veloppement et maintenance par :<br>  <strong>Justin Cappelle \u2014 Software Development &amp; Consulting<\/strong><br> Avenue Rousseau 4<br> 1815 Clarens, Suisse<br> Email : <a class=\"cursor-pointer\" href=\"mailto:justin@etik.com\" rel=\"noopener\">justin@etik.com<\/a><br> Site web : <a href=\"https:\/\/justincappelle.ch\" target=\"_blank\" rel=\"noopener\">justincappelle.ch<\/a><br> UID : CHE-309.802.645<br> Entreprise inscrite au registre du commerce du canton de Vaud (VD)<br> N\u00b0 d\u2019enregistrement : CH-550.1.246.589-6<br> Forme juridique : Entreprise individuelle\n<\/p>\n\n<hr>\n\n<h3>Propri\u00e9t\u00e9 intellectuelle<\/h3>\n<p>\n  Tout le contenu de ce site web (textes, images, illustrations, logos, vid\u00e9os, structure, code et autres \u00e9l\u00e9ments) est la propri\u00e9t\u00e9 exclusive de\n  <strong>Prestige Enterprise S\u00e0rl<\/strong> ou de ses partenaires. Toute reproduction, repr\u00e9sentation, distribution ou utilisation, m\u00eame partielle, est interdite sans autorisation \u00e9crite pr\u00e9alable.\n<\/p>\n\n<hr>\n\n<h3>Protection des donn\u00e9es<\/h3>\n<p>\n Les donn\u00e9es personnelles collect\u00e9es via ce site web sont utilis\u00e9es uniquement pour r\u00e9pondre aux demandes des utilisateurs. Les donn\u00e9es sont trait\u00e9es de mani\u00e8re confidentielle et ne sont ni vendues ni partag\u00e9es avec des tiers.\n Conform\u00e9ment \u00e0 la <strong>Loi f\u00e9d\u00e9rale suisse sur la protection des donn\u00e9es (LPD)<\/strong> et au <strong>R\u00e8glement g\u00e9n\u00e9ral sur la protection des donn\u00e9es (RGPD) de l\u2019UE<\/strong>, vous avez le droit d\u2019acc\u00e9der \u00e0 vos donn\u00e9es, de les rectifier et de les supprimer.\n Pour exercer ces droits, veuillez contacter : <a class=\"cursor-pointer\" href=\"mailto:enquiry@prestige-e.com\" rel=\"noopener\">enquiry@prestige-e.com<\/a>\n<\/p>\n\n<hr>\n\n<h3>Responsabilit\u00e9<\/h3>\n<p>\n Prestige Enterprise S\u00e0rl met tout en \u0153uvre pour garantir l\u2019exactitude des informations publi\u00e9es sur ce site web. Toutefois, la soci\u00e9t\u00e9 d\u00e9cline toute responsabilit\u00e9 en cas d\u2019erreurs, d\u2019omissions ou d\u2019interruptions de service.\n<\/p>\n\n<hr>\n\n<h3>Droit applicable et juridiction<\/h3>\n<p>\n  Ce site web est r\u00e9gi par le droit suisse. En cas de litige, les tribunaux comp\u00e9tents sont ceux du <strong>Canton de Vaud<\/strong>, o\u00f9 la soci\u00e9t\u00e9 a son si\u00e8ge social.\n<\/p>\n\t\t\t\t\t\t\t\t<\/div>\n\t\t\t\t\t<\/div>\n\t\t\t\t<\/div>\n\t\t\t\t<\/div>\n\t\t","protected":false},"excerpt":{"rendered":"<p>Home Mentions l\u00e9gales \u00c9diteur du site Prestige Enterprise S\u00e0rl Route de Saint-Cergue 24 1260 Nyon, Suisse T\u00e9l\u00e9phone : +41 (0)22 776 22 72 Email : enquiry@prestige-e.com Site web : www.prestige-e.com N\u00b0 UID\/TVA : CHE-104.999.060 N\u00b0 au registre du commerce : CH-550.0.134.263-0 Registre du commerce : Canton de Vaud (VD) Forme juridique : soci\u00e9t\u00e9 \u00e0 responsabilit\u00e9 [&hellip;]<\/p>\n","protected":false},"author":4,"featured_media":0,"parent":0,"menu_order":19,"comment_status":"closed","ping_status":"closed","template":"","meta":{"inline_featured_image":false,"footnotes":""},"class_list":["post-37006","page","type-page","status-publish","hentry"],"aioseo_notices":[],"_links":{"self":[{"href":"https:\/\/prestige-e.com\/fr\/wp-json\/wp\/v2\/pages\/37006","targetHints":{"allow":["GET"]}}],"collection":[{"href":"https:\/\/prestige-e.com\/fr\/wp-json\/wp\/v2\/pages"}],"about":[{"href":"https:\/\/prestige-e.com\/fr\/wp-json\/wp\/v2\/types\/page"}],"author":[{"embeddable":true,"href":"https:\/\/prestige-e.com\/fr\/wp-json\/wp\/v2\/users\/4"}],"replies":[{"embeddable":true,"href":"https:\/\/prestige-e.com\/fr\/wp-json\/wp\/v2\/comments?post=37006"}],"version-history":[{"count":0,"href":"https:\/\/prestige-e.com\/fr\/wp-json\/wp\/v2\/pages\/37006\/revisions"}],"wp:attachment":[{"href":"https:\/\/prestige-e.com\/fr\/wp-json\/wp\/v2\/media?parent=37006"}],"curies":[{"name":"wp","href":"https:\/\/api.w.org\/{rel}","templated":true}]}}