{"id":36899,"date":"2025-06-11T14:00:02","date_gmt":"2025-06-11T12:00:02","guid":{"rendered":"https:\/\/prestige-e.com\/blog\/"},"modified":"2026-03-12T12:15:08","modified_gmt":"2026-03-12T11:15:08","slug":"blog","status":"publish","type":"page","link":"https:\/\/prestige-e.com\/fr\/blog\/","title":{"rendered":"Newsroom"},"content":{"rendered":"\t\t<div data-elementor-type=\"wp-page\" data-elementor-id=\"36899\" class=\"elementor elementor-36899 elementor-29408\" data-elementor-settings=\"{&quot;element_pack_global_tooltip_width&quot;:{&quot;unit&quot;:&quot;px&quot;,&quot;size&quot;:&quot;&quot;,&quot;sizes&quot;:[]},&quot;element_pack_global_tooltip_width_tablet&quot;:{&quot;unit&quot;:&quot;px&quot;,&quot;size&quot;:&quot;&quot;,&quot;sizes&quot;:[]},&quot;element_pack_global_tooltip_width_mobile&quot;:{&quot;unit&quot;:&quot;px&quot;,&quot;size&quot;:&quot;&quot;,&quot;sizes&quot;:[]},&quot;element_pack_global_tooltip_padding&quot;:{&quot;unit&quot;:&quot;px&quot;,&quot;top&quot;:&quot;&quot;,&quot;right&quot;:&quot;&quot;,&quot;bottom&quot;:&quot;&quot;,&quot;left&quot;:&quot;&quot;,&quot;isLinked&quot;:true},&quot;element_pack_global_tooltip_padding_tablet&quot;:{&quot;unit&quot;:&quot;px&quot;,&quot;top&quot;:&quot;&quot;,&quot;right&quot;:&quot;&quot;,&quot;bottom&quot;:&quot;&quot;,&quot;left&quot;:&quot;&quot;,&quot;isLinked&quot;:true},&quot;element_pack_global_tooltip_padding_mobile&quot;:{&quot;unit&quot;:&quot;px&quot;,&quot;top&quot;:&quot;&quot;,&quot;right&quot;:&quot;&quot;,&quot;bottom&quot;:&quot;&quot;,&quot;left&quot;:&quot;&quot;,&quot;isLinked&quot;:true},&quot;element_pack_global_tooltip_border_radius&quot;:{&quot;unit&quot;:&quot;px&quot;,&quot;top&quot;:&quot;&quot;,&quot;right&quot;:&quot;&quot;,&quot;bottom&quot;:&quot;&quot;,&quot;left&quot;:&quot;&quot;,&quot;isLinked&quot;:true},&quot;element_pack_global_tooltip_border_radius_tablet&quot;:{&quot;unit&quot;:&quot;px&quot;,&quot;top&quot;:&quot;&quot;,&quot;right&quot;:&quot;&quot;,&quot;bottom&quot;:&quot;&quot;,&quot;left&quot;:&quot;&quot;,&quot;isLinked&quot;:true},&quot;element_pack_global_tooltip_border_radius_mobile&quot;:{&quot;unit&quot;:&quot;px&quot;,&quot;top&quot;:&quot;&quot;,&quot;right&quot;:&quot;&quot;,&quot;bottom&quot;:&quot;&quot;,&quot;left&quot;:&quot;&quot;,&quot;isLinked&quot;:true}}\" data-elementor-post-type=\"page\">\n\t\t\t\t<div class=\"elementor-element elementor-element-7983678 e-flex e-con-boxed e-con e-parent\" data-id=\"7983678\" data-element_type=\"container\" data-e-type=\"container\" data-settings=\"{&quot;background_background&quot;:&quot;classic&quot;}\">\n\t\t\t\t\t<div class=\"e-con-inner\">\n\t\t\t\t<div class=\"elementor-element elementor-element-555516a elementor-widget elementor-widget-uicore-woo-breadcrumbs\" data-id=\"555516a\" data-element_type=\"widget\" data-e-type=\"widget\" data-widget_type=\"uicore-woo-breadcrumbs.default\">\n\t\t\t\t<div class=\"elementor-widget-container\">\n\t\t\t\t\t<nav class=\"woocommerce-breadcrumb\" aria-label=\"Breadcrumb\">Accueil<\/nav>\t\t\t\t<\/div>\n\t\t\t\t<\/div>\n\t\t\t\t<div class=\"elementor-element elementor-element-c8c745c elementor-widget elementor-widget-heading\" data-id=\"c8c745c\" data-element_type=\"widget\" data-e-type=\"widget\" data-widget_type=\"heading.default\">\n\t\t\t\t\t<h1 class=\"elementor-heading-title elementor-size-default\">Derni\u00e8res actualit\u00e9s et innovations<\/h1>\t\t\t\t<\/div>\n\t\t\t\t\t<\/div>\n\t\t\t\t<\/div>\n\t\t<div class=\"elementor-element elementor-element-f6c0831 e-flex e-con-boxed e-con e-parent\" data-id=\"f6c0831\" data-element_type=\"container\" data-e-type=\"container\" data-settings=\"{&quot;background_background&quot;:&quot;classic&quot;}\">\n\t\t\t\t\t<div class=\"e-con-inner\">\n\t\t<div class=\"elementor-element elementor-element-e0f0841 e-con-full e-flex e-con e-child\" data-id=\"e0f0841\" data-element_type=\"container\" data-e-type=\"container\">\n\t\t\t\t<div class=\"elementor-element elementor-element-d21e93f elementor-widget elementor-widget-heading\" data-id=\"d21e93f\" data-element_type=\"widget\" data-e-type=\"widget\" data-widget_type=\"heading.default\">\n\t\t\t\t\t<h2 class=\"elementor-heading-title elementor-size-default\">Prestige Enterprise c\u00e9l\u00e8bre 20 ans d'excellence<\/h2>\t\t\t\t<\/div>\n\t\t\t\t<div class=\"elementor-element elementor-element-812a673 elementor-widget elementor-widget-text-editor\" data-id=\"812a673\" data-element_type=\"widget\" data-e-type=\"widget\" data-widget_type=\"text-editor.default\">\n\t\t\t\t\t\t\t\t\t<p>Leader sur le march\u00e9 des cadeaux d&rsquo;entreprise, Prestige Enterprise f\u00eate cette ann\u00e9e son 20e anniversaire tout en poursuivant sa croissance internationale. L&rsquo;histoire \u00e0 succ\u00e8s d&rsquo;une entreprise familiale.<\/p><p>Nous s\u00e9lectionnons et cr\u00e9ons des cadeaux d&rsquo;entreprise et des objets cr\u00e9atifs, innovants et v\u00e9ritablement uniques. Pour vos clients privil\u00e9gi\u00e9s, nous proposons \u00e9galement une s\u00e9lection raffin\u00e9e de cadeaux provenant de marques de luxe renomm\u00e9es et de cr\u00e9ations de designers. Sur demande, ces cadeaux peuvent \u00eatre personnalis\u00e9s pour devenir v\u00e9ritablement uniques.<\/p>\t\t\t\t\t\t\t\t<\/div>\n\t\t\t\t<\/div>\n\t\t<div class=\"elementor-element elementor-element-b6885d6 e-con-full e-flex e-con e-child\" data-id=\"b6885d6\" data-element_type=\"container\" data-e-type=\"container\">\n\t\t\t\t<div class=\"elementor-element elementor-element-cbb063f elementor-widget elementor-widget-image\" data-id=\"cbb063f\" data-element_type=\"widget\" data-e-type=\"widget\" data-widget_type=\"image.default\">\n\t\t\t\t\t\t\t\t\t\t\t\t\t\t\t<img decoding=\"async\" width=\"1\" height=\"1\" src=\"https:\/\/prestige-e.com\/wp-content\/uploads\/Homepage-Category_-Leather-Creation-min.jpg\" class=\"attachment-large size-large wp-image-39187\" alt=\"\" \/>\t\t\t\t\t\t\t\t\t\t\t\t\t\t\t<\/div>\n\t\t\t\t<\/div>\n\t\t\t\t\t<\/div>\n\t\t\t\t<\/div>\n\t\t<div class=\"elementor-element elementor-element-43a86714 e-flex e-con-boxed e-con e-parent\" data-id=\"43a86714\" data-element_type=\"container\" data-e-type=\"container\" id=\"Blog\" data-settings=\"{&quot;background_background&quot;:&quot;classic&quot;}\">\n\t\t\t\t\t<div class=\"e-con-inner\">\n\t\t<div class=\"elementor-element elementor-element-7c0282c6 e-con-full e-flex e-con e-child\" data-id=\"7c0282c6\" data-element_type=\"container\" data-e-type=\"container\">\n\t\t\t\t<div class=\"elementor-element elementor-element-2005590 elementor-widget elementor-widget-shortcode\" data-id=\"2005590\" data-element_type=\"widget\" data-e-type=\"widget\" data-widget_type=\"shortcode.default\">\n\t\t\t\t\t\t\t<div class=\"elementor-shortcode\">\t\t<div data-elementor-type=\"uicore-tb\" data-elementor-id=\"39960\" class=\"elementor elementor-39960 elementor-39943 elementor-39943\" data-elementor-settings=\"{&quot;element_pack_global_tooltip_width&quot;:{&quot;unit&quot;:&quot;px&quot;,&quot;size&quot;:&quot;&quot;,&quot;sizes&quot;:[]},&quot;element_pack_global_tooltip_width_tablet&quot;:{&quot;unit&quot;:&quot;px&quot;,&quot;size&quot;:&quot;&quot;,&quot;sizes&quot;:[]},&quot;element_pack_global_tooltip_width_mobile&quot;:{&quot;unit&quot;:&quot;px&quot;,&quot;size&quot;:&quot;&quot;,&quot;sizes&quot;:[]},&quot;element_pack_global_tooltip_padding&quot;:{&quot;unit&quot;:&quot;px&quot;,&quot;top&quot;:&quot;&quot;,&quot;right&quot;:&quot;&quot;,&quot;bottom&quot;:&quot;&quot;,&quot;left&quot;:&quot;&quot;,&quot;isLinked&quot;:true},&quot;element_pack_global_tooltip_padding_tablet&quot;:{&quot;unit&quot;:&quot;px&quot;,&quot;top&quot;:&quot;&quot;,&quot;right&quot;:&quot;&quot;,&quot;bottom&quot;:&quot;&quot;,&quot;left&quot;:&quot;&quot;,&quot;isLinked&quot;:true},&quot;element_pack_global_tooltip_padding_mobile&quot;:{&quot;unit&quot;:&quot;px&quot;,&quot;top&quot;:&quot;&quot;,&quot;right&quot;:&quot;&quot;,&quot;bottom&quot;:&quot;&quot;,&quot;left&quot;:&quot;&quot;,&quot;isLinked&quot;:true},&quot;element_pack_global_tooltip_border_radius&quot;:{&quot;unit&quot;:&quot;px&quot;,&quot;top&quot;:&quot;&quot;,&quot;right&quot;:&quot;&quot;,&quot;bottom&quot;:&quot;&quot;,&quot;left&quot;:&quot;&quot;,&quot;isLinked&quot;:true},&quot;element_pack_global_tooltip_border_radius_tablet&quot;:{&quot;unit&quot;:&quot;px&quot;,&quot;top&quot;:&quot;&quot;,&quot;right&quot;:&quot;&quot;,&quot;bottom&quot;:&quot;&quot;,&quot;left&quot;:&quot;&quot;,&quot;isLinked&quot;:true},&quot;element_pack_global_tooltip_border_radius_mobile&quot;:{&quot;unit&quot;:&quot;px&quot;,&quot;top&quot;:&quot;&quot;,&quot;right&quot;:&quot;&quot;,&quot;bottom&quot;:&quot;&quot;,&quot;left&quot;:&quot;&quot;,&quot;isLinked&quot;:true}}\" data-elementor-post-type=\"uicore-tb\">\n\t\t\t\t<div class=\"elementor-element elementor-element-5d49a47 e-flex e-con-boxed e-con e-parent\" data-id=\"5d49a47\" data-element_type=\"container\" data-e-type=\"container\">\n\t\t\t\t\t<div class=\"e-con-inner\">\n\t\t\t\t<div class=\"elementor-element elementor-element-dc166ff bdt-navigation-type-both bdt-item-match-height--yes bdt-carousel-style-carousel elementor-widget elementor-widget-bdt-static-carousel\" data-id=\"dc166ff\" data-element_type=\"widget\" data-e-type=\"widget\" data-widget_type=\"bdt-static-carousel.default\">\n\t\t\t\t\t        <div id=\"bdt-static-carousel-dc166ff\" class=\"bdt-arrows-dots-align-center bdt-static-carousel\" data-settings=\"{&quot;autoplay&quot;:{&quot;delay&quot;:5000,&quot;disableOnInteraction&quot;:false},&quot;loop&quot;:true,&quot;speed&quot;:500,&quot;slidesPerView&quot;:1,&quot;slidesPerGroup&quot;:1,&quot;spaceBetween&quot;:20,&quot;effect&quot;:&quot;carousel&quot;,&quot;breakpoints&quot;:{&quot;767&quot;:{&quot;slidesPerView&quot;:2,&quot;spaceBetween&quot;:20,&quot;slidesPerGroup&quot;:1},&quot;1023&quot;:{&quot;slidesPerView&quot;:3,&quot;spaceBetween&quot;:20,&quot;slidesPerGroup&quot;:1}},&quot;navigation&quot;:{&quot;nextEl&quot;:&quot;#bdt-static-carousel-dc166ff .bdt-navigation-next&quot;,&quot;prevEl&quot;:&quot;#bdt-static-carousel-dc166ff .bdt-navigation-prev&quot;},&quot;pagination&quot;:{&quot;el&quot;:&quot;#bdt-static-carousel-dc166ff .swiper-pagination&quot;,&quot;type&quot;:&quot;bullets&quot;,&quot;clickable&quot;:&quot;true&quot;,&quot;dynamicBullets&quot;:false},&quot;scrollbar&quot;:{&quot;el&quot;:&quot;#bdt-static-carousel-dc166ff .swiper-scrollbar&quot;,&quot;hide&quot;:&quot;true&quot;},&quot;coverflowEffect&quot;:{&quot;rotate&quot;:50,&quot;stretch&quot;:0,&quot;depth&quot;:100,&quot;modifier&quot;:1,&quot;slideShadows&quot;:true}}\">\n            <div class=\"swiper-carousel swiper\" role=\"region\" aria-roledescription=\"carousel\" aria-label=\"Static Carousel\" dir=\"ltr\">\n                <div class=\"swiper-wrapper\">\n                    \n                    <div class=\"bdt-ep-static-carousel-item swiper-slide\">\n                        <div class=\"bdt-flex bdt-ep-static-carousel-image\">\n\n            <img decoding=\"async\" width=\"300\" height=\"166\" src=\"https:\/\/prestige-e.com\/wp-content\/uploads\/Article_Prestige-Enterprise-Lartisan-du-cadeau-daffaires-sur-mesure-300x166.jpg\" class=\"attachment-medium size-medium\" alt=\"Prestige Enterprise : l\u2019artisan du cadeau d\u2019affaires sur mesure\" srcset=\"https:\/\/prestige-e.com\/wp-content\/uploads\/Article_Prestige-Enterprise-Lartisan-du-cadeau-daffaires-sur-mesure-300x166.jpg 300w, https:\/\/prestige-e.com\/wp-content\/uploads\/Article_Prestige-Enterprise-Lartisan-du-cadeau-daffaires-sur-mesure-650x361.jpg 650w, https:\/\/prestige-e.com\/wp-content\/uploads\/Article_Prestige-Enterprise-Lartisan-du-cadeau-daffaires-sur-mesure-600x333.jpg 600w, https:\/\/prestige-e.com\/wp-content\/uploads\/Article_Prestige-Enterprise-Lartisan-du-cadeau-daffaires-sur-mesure-64x36.jpg 64w, https:\/\/prestige-e.com\/wp-content\/uploads\/Article_Prestige-Enterprise-Lartisan-du-cadeau-daffaires-sur-mesure.jpg 710w\" sizes=\"(max-width: 300px) 100vw, 300px\" \/>\n            \n        <\/div>\n                        <div class=\"bdt-ep-static-carousel-content\">\n                                        <h4                class=\"bdt-ep-static-carousel-sub-title\">\n                BLOG            <\/h4>\n                                                    <h3                class=\"bdt-ep-static-carousel-title ep-title-\">\n                Prestige Enterprise : l\u2019artisan du cadeau d\u2019affaires sur mesure                            <\/h3>\n                                                                                    <div class=\"bdt-ep-static-carousel-readmore-wrap\">\n                <a class=\"bdt-ep-static-carousel-readmore \" href=\"https:\/\/prestige-e.com\/wp-content\/uploads\/4-1-Monde-Economique-Special-Anniversaire-Portrait-Prestige-Enterprise-p38-392.pdf\">\n                    Lire la suite                                    <\/a>\n            <\/div>\n                            <\/div>\n\n                            <\/div>\n                    <div class=\"bdt-ep-static-carousel-item swiper-slide\">\n                        <div class=\"bdt-flex bdt-ep-static-carousel-image bdt-flex bdt-ep-static-carousel-image\">\n\n            <img fetchpriority=\"high\" decoding=\"async\" width=\"300\" height=\"230\" src=\"https:\/\/prestige-e.com\/wp-content\/uploads\/james-elise-portrait-1-e1764584928752-300x230.jpg\" class=\"attachment-medium size-medium\" alt=\"Deux d\u00e9cennies de succ\u00e8s\" srcset=\"https:\/\/prestige-e.com\/wp-content\/uploads\/james-elise-portrait-1-e1764584928752-300x230.jpg 300w, https:\/\/prestige-e.com\/wp-content\/uploads\/james-elise-portrait-1-e1764584928752-64x49.jpg 64w, https:\/\/prestige-e.com\/wp-content\/uploads\/james-elise-portrait-1-e1764584928752.jpg 320w\" sizes=\"(max-width: 300px) 100vw, 300px\" \/>\n            \n        <\/div>\n                        <div class=\"bdt-ep-static-carousel-content\">\n                                        <h4                class=\"bdt-ep-static-carousel-sub-title\">\n                BLOG            <\/h4>\n                                                    <h3                class=\"bdt-ep-static-carousel-title ep-title-\">\n                Deux d\u00e9cennies de succ\u00e8s                            <\/h3>\n                                                                                    <div class=\"bdt-ep-static-carousel-readmore-wrap\">\n                <a class=\"bdt-ep-static-carousel-readmore \" href=\"https:\/\/prestige-e.com\/wp-content\/uploads\/4-1-Monde-Economique-Special-Anniversaire-Portrait-Prestige-Enterprise-p38-392.pdf\">\n                    Lire la suite                                    <\/a>\n            <\/div>\n                            <\/div>\n\n                            <\/div>\n                    <div class=\"bdt-ep-static-carousel-item swiper-slide\">\n                        <div class=\"bdt-flex bdt-ep-static-carousel-image bdt-flex bdt-ep-static-carousel-image bdt-flex bdt-ep-static-carousel-image\">\n\n            <img loading=\"lazy\" decoding=\"async\" width=\"300\" height=\"207\" src=\"https:\/\/prestige-e.com\/wp-content\/uploads\/james-cherian-potrait-1-e1753686465526-300x207.jpg\" class=\"attachment-medium size-medium\" alt=\"James Cherian : de la multinationale \u00e0 l\u2019entrepreneuriat\" srcset=\"https:\/\/prestige-e.com\/wp-content\/uploads\/james-cherian-potrait-1-e1753686465526-300x207.jpg 300w, https:\/\/prestige-e.com\/wp-content\/uploads\/james-cherian-potrait-1-e1753686465526-64x44.jpg 64w, https:\/\/prestige-e.com\/wp-content\/uploads\/james-cherian-potrait-1-e1753686465526.jpg 320w\" sizes=\"(max-width: 300px) 100vw, 300px\" \/>\n            \n        <\/div>\n                        <div class=\"bdt-ep-static-carousel-content\">\n                                        <h4                class=\"bdt-ep-static-carousel-sub-title\">\n                BLOG            <\/h4>\n                                                    <h3                class=\"bdt-ep-static-carousel-title ep-title-\">\n                James Cherian : de la multinationale \u00e0 l\u2019entrepreneuriat                            <\/h3>\n                                                                                    <div class=\"bdt-ep-static-carousel-readmore-wrap\">\n                <a class=\"bdt-ep-static-carousel-readmore \" href=\"https:\/\/prestige-e.com\/wp-content\/uploads\/110-3-Monde-Economique-FOCUS-Portrait-James-Cherian-p88-902.pdf\">\n                    Lire la suite                                    <\/a>\n            <\/div>\n                            <\/div>\n\n                            <\/div>\n                    <div class=\"bdt-ep-static-carousel-item swiper-slide\">\n                        <div class=\"bdt-flex bdt-ep-static-carousel-image bdt-flex bdt-ep-static-carousel-image bdt-flex bdt-ep-static-carousel-image bdt-flex bdt-ep-static-carousel-image\">\n\n            <img loading=\"lazy\" decoding=\"async\" width=\"300\" height=\"163\" src=\"https:\/\/prestige-e.com\/wp-content\/uploads\/anniversary-300x163.png\" class=\"attachment-medium size-medium\" alt=\"Prestige Enterprise c\u00e9l\u00e8bre son 20\u1d49 anniversaire\" srcset=\"https:\/\/prestige-e.com\/wp-content\/uploads\/anniversary-300x163.png 300w, https:\/\/prestige-e.com\/wp-content\/uploads\/anniversary-1024x556.png 1024w, https:\/\/prestige-e.com\/wp-content\/uploads\/anniversary-768x417.png 768w, https:\/\/prestige-e.com\/wp-content\/uploads\/anniversary-1536x834.png 1536w, https:\/\/prestige-e.com\/wp-content\/uploads\/anniversary-2048x1112.png 2048w, https:\/\/prestige-e.com\/wp-content\/uploads\/anniversary-650x353.png 650w, https:\/\/prestige-e.com\/wp-content\/uploads\/anniversary-600x326.png 600w, https:\/\/prestige-e.com\/wp-content\/uploads\/anniversary-64x35.png 64w\" sizes=\"(max-width: 300px) 100vw, 300px\" \/>\n            \n        <\/div>\n                        <div class=\"bdt-ep-static-carousel-content\">\n                                        <h4                class=\"bdt-ep-static-carousel-sub-title\">\n                BLOG            <\/h4>\n                                                    <h3                class=\"bdt-ep-static-carousel-title ep-title-\">\n                Prestige Enterprise c\u00e9l\u00e8bre son 20\u1d49 anniversaire                            <\/h3>\n                                                                                    <div class=\"bdt-ep-static-carousel-readmore-wrap\">\n                <a class=\"bdt-ep-static-carousel-readmore \" href=\"https:\/\/prestige-e.com\/wp-content\/uploads\/10-1A-Edition-Septembre-2019-Lifestyle-20-ans-Prestige-Enterprise-p94-964.pdf\">\n                    Lire la suite                                    <\/a>\n            <\/div>\n                            <\/div>\n\n                            <\/div>\n        \t\t<\/div>\n\t\t\t\t<\/div>\n\n\t\t\t\t\t\t\t<div class=\"bdt-position-z-index bdt-position-center\">\n\t\t\t<div class=\"bdt-arrows-dots-container bdt-slidenav-container \">\n\n\t\t\t\t<div class=\"bdt-flex bdt-flex-middle\">\n\t\t\t\t\t<div class=\"bdt-visible@m\">\n\t\t\t\t\t\t<div class=\"bdt-navigation-prev bdt-slidenav-previous bdt-icon bdt-slidenav\">\n\t\t\t\t\t\t\t<i class=\"ep-icon-arrow-left-0\" aria-hidden=\"true\"><\/i>\n\t\t\t\t\t\t<\/div>\n\t\t\t\t\t<\/div>\n\n\t\t\t\t\t\n\t\t\t\t\t<div class=\"bdt-visible@m\">\n\t\t\t\t\t\t<div class=\"bdt-navigation-next bdt-slidenav-next bdt-icon bdt-slidenav\">\n\t\t\t\t\t\t\t<i class=\"ep-icon-arrow-right-0\" aria-hidden=\"true\"><\/i>\n\t\t\t\t\t\t<\/div>\n\t\t\t\t\t<\/div>\n\n\t\t\t\t<\/div>\n\t\t\t<\/div>\n\t\t<\/div>\n\t\t\t\t\t\t\t\t<div class=\"bdt-position-z-index bdt-position-bottom\">\n\t\t\t\t\t<div class=\"bdt-dots-container\">\n\t\t\t\t\t\t<div class=\"swiper-pagination\"><\/div>\n\t\t\t\t\t<\/div>\n\t\t\t\t<\/div>\n\t\t\t\t\t\n\t\t<\/div>\n\n\t\t\t\t<\/div>\n\t\t\t\t\t<\/div>\n\t\t\t\t<\/div>\n\t\t\t\t<\/div>\n\t\t<\/div>\n\t\t\t\t\t\t<\/div>\n\t\t\t\t<\/div>\n\t\t\t\t\t<\/div>\n\t\t\t\t<\/div>\n\t\t\t\t<\/div>\n\t\t","protected":false},"excerpt":{"rendered":"<p>Home Derni\u00e8res actualit\u00e9s et innovations Prestige Enterprise c\u00e9l\u00e8bre 20 ans d&rsquo;excellence Leader sur le march\u00e9 des cadeaux d&rsquo;entreprise, Prestige Enterprise f\u00eate cette ann\u00e9e son 20e anniversaire tout en poursuivant sa croissance internationale. L&rsquo;histoire \u00e0 succ\u00e8s d&rsquo;une entreprise familiale. Nous s\u00e9lectionnons et cr\u00e9ons des cadeaux d&rsquo;entreprise et des objets cr\u00e9atifs, innovants et v\u00e9ritablement uniques. Pour vos [&hellip;]<\/p>\n","protected":false},"author":1,"featured_media":0,"parent":0,"menu_order":7,"comment_status":"closed","ping_status":"closed","template":"","meta":{"inline_featured_image":false,"footnotes":""},"class_list":["post-36899","page","type-page","status-publish","hentry"],"aioseo_notices":[],"_links":{"self":[{"href":"https:\/\/prestige-e.com\/fr\/wp-json\/wp\/v2\/pages\/36899","targetHints":{"allow":["GET"]}}],"collection":[{"href":"https:\/\/prestige-e.com\/fr\/wp-json\/wp\/v2\/pages"}],"about":[{"href":"https:\/\/prestige-e.com\/fr\/wp-json\/wp\/v2\/types\/page"}],"author":[{"embeddable":true,"href":"https:\/\/prestige-e.com\/fr\/wp-json\/wp\/v2\/users\/1"}],"replies":[{"embeddable":true,"href":"https:\/\/prestige-e.com\/fr\/wp-json\/wp\/v2\/comments?post=36899"}],"version-history":[{"count":0,"href":"https:\/\/prestige-e.com\/fr\/wp-json\/wp\/v2\/pages\/36899\/revisions"}],"wp:attachment":[{"href":"https:\/\/prestige-e.com\/fr\/wp-json\/wp\/v2\/media?parent=36899"}],"curies":[{"name":"wp","href":"https:\/\/api.w.org\/{rel}","templated":true}]}}