{"id":36852,"date":"2026-02-23T08:00:08","date_gmt":"2026-02-23T07:00:08","guid":{"rendered":"https:\/\/prestige-e.com\/a-propos-de-nous\/"},"modified":"2026-03-31T10:40:14","modified_gmt":"2026-03-31T08:40:14","slug":"a-propos-de-nous","status":"publish","type":"page","link":"https:\/\/prestige-e.com\/fr\/a-propos-de-nous\/","title":{"rendered":"\u00c0 propos de nous"},"content":{"rendered":"\t\t<div data-elementor-type=\"wp-page\" data-elementor-id=\"36852\" class=\"elementor elementor-36852 elementor-34955\" data-elementor-settings=\"{&quot;element_pack_global_tooltip_width&quot;:{&quot;unit&quot;:&quot;px&quot;,&quot;size&quot;:&quot;&quot;,&quot;sizes&quot;:[]},&quot;element_pack_global_tooltip_width_tablet&quot;:{&quot;unit&quot;:&quot;px&quot;,&quot;size&quot;:&quot;&quot;,&quot;sizes&quot;:[]},&quot;element_pack_global_tooltip_width_mobile&quot;:{&quot;unit&quot;:&quot;px&quot;,&quot;size&quot;:&quot;&quot;,&quot;sizes&quot;:[]},&quot;element_pack_global_tooltip_padding&quot;:{&quot;unit&quot;:&quot;px&quot;,&quot;top&quot;:&quot;&quot;,&quot;right&quot;:&quot;&quot;,&quot;bottom&quot;:&quot;&quot;,&quot;left&quot;:&quot;&quot;,&quot;isLinked&quot;:true},&quot;element_pack_global_tooltip_padding_tablet&quot;:{&quot;unit&quot;:&quot;px&quot;,&quot;top&quot;:&quot;&quot;,&quot;right&quot;:&quot;&quot;,&quot;bottom&quot;:&quot;&quot;,&quot;left&quot;:&quot;&quot;,&quot;isLinked&quot;:true},&quot;element_pack_global_tooltip_padding_mobile&quot;:{&quot;unit&quot;:&quot;px&quot;,&quot;top&quot;:&quot;&quot;,&quot;right&quot;:&quot;&quot;,&quot;bottom&quot;:&quot;&quot;,&quot;left&quot;:&quot;&quot;,&quot;isLinked&quot;:true},&quot;element_pack_global_tooltip_border_radius&quot;:{&quot;unit&quot;:&quot;px&quot;,&quot;top&quot;:&quot;&quot;,&quot;right&quot;:&quot;&quot;,&quot;bottom&quot;:&quot;&quot;,&quot;left&quot;:&quot;&quot;,&quot;isLinked&quot;:true},&quot;element_pack_global_tooltip_border_radius_tablet&quot;:{&quot;unit&quot;:&quot;px&quot;,&quot;top&quot;:&quot;&quot;,&quot;right&quot;:&quot;&quot;,&quot;bottom&quot;:&quot;&quot;,&quot;left&quot;:&quot;&quot;,&quot;isLinked&quot;:true},&quot;element_pack_global_tooltip_border_radius_mobile&quot;:{&quot;unit&quot;:&quot;px&quot;,&quot;top&quot;:&quot;&quot;,&quot;right&quot;:&quot;&quot;,&quot;bottom&quot;:&quot;&quot;,&quot;left&quot;:&quot;&quot;,&quot;isLinked&quot;:true}}\" data-elementor-post-type=\"page\">\n\t\t\t\t<div class=\"elementor-element elementor-element-628b451 e-flex e-con-boxed e-con e-parent\" data-id=\"628b451\" data-element_type=\"container\" data-e-type=\"container\" id=\"hero\" data-settings=\"{&quot;background_background&quot;:&quot;classic&quot;}\">\n\t\t\t\t\t<div class=\"e-con-inner\">\n\t\t<div class=\"elementor-element elementor-element-551385c e-con-full e-flex e-con e-child\" data-id=\"551385c\" data-element_type=\"container\" data-e-type=\"container\" data-settings=\"{&quot;background_background&quot;:&quot;classic&quot;}\">\n\t\t\t\t<div class=\"elementor-element elementor-element-fd11183 elementor-widget__width-initial elementor-widget-tablet__width-inherit elementor-invisible elementor-widget elementor-widget-heading\" data-id=\"fd11183\" data-element_type=\"widget\" data-e-type=\"widget\" data-settings=\"{&quot;_animation&quot;:&quot;fadeInUp&quot;,&quot;_animation_delay&quot;:&quot;100&quot;}\" data-widget_type=\"heading.default\">\n\t\t\t\t\t<h1 class=\"elementor-heading-title elementor-size-default\">L'Art du cadeau sur mesure depuis 1999\n\n<\/h1>\t\t\t\t<\/div>\n\t\t\t\t<div class=\"elementor-element elementor-element-cba7f5a elementor-widget elementor-widget-button\" data-id=\"cba7f5a\" data-element_type=\"widget\" data-e-type=\"widget\" data-widget_type=\"button.default\">\n\t\t\t\t\t\t\t\t\t\t<a class=\"elementor-button elementor-button-link elementor-size-sm\" href=\"https:\/\/prestige-e.com\/fr\/nous-contacter\/\">\n\t\t\t\t\t\t<span class=\"elementor-button-content-wrapper\">\n\t\t\t\t\t\t\t\t\t<span class=\"elementor-button-text\">Nous contacter<\/span>\n\t\t\t\t\t<\/span>\n\t\t\t\t\t<\/a>\n\t\t\t\t\t\t\t\t<\/div>\n\t\t\t\t<\/div>\n\t\t\t\t\t<\/div>\n\t\t\t\t<\/div>\n\t\t<div class=\"elementor-element elementor-element-6ad7cacb e-flex e-con-boxed e-con e-parent\" data-id=\"6ad7cacb\" data-element_type=\"container\" data-e-type=\"container\">\n\t\t\t\t\t<div class=\"e-con-inner\">\n\t\t<div class=\"elementor-element elementor-element-404977ef e-con-full e-flex e-con e-child\" data-id=\"404977ef\" data-element_type=\"container\" data-e-type=\"container\">\n\t\t<div class=\"elementor-element elementor-element-473c9bd4 e-con-full e-flex e-con e-child\" data-id=\"473c9bd4\" data-element_type=\"container\" data-e-type=\"container\">\n\t\t\t\t<div class=\"elementor-element elementor-element-4b53058 elementor-widget elementor-widget-heading\" data-id=\"4b53058\" data-element_type=\"widget\" data-e-type=\"widget\" data-widget_type=\"heading.default\">\n\t\t\t\t\t<h2 class=\"elementor-heading-title elementor-size-default\">Des cadeaux d\u2019affaire qui refl\u00e8tent votre image\n\n<\/h2>\t\t\t\t<\/div>\n\t\t\t\t<div class=\"elementor-element elementor-element-100279e6 elementor-invisible elementor-widget elementor-widget-text-editor\" data-id=\"100279e6\" data-element_type=\"widget\" data-e-type=\"widget\" data-settings=\"{&quot;_animation_delay&quot;:&quot;240&quot;,&quot;_animation&quot;:&quot;fadeInUp&quot;}\" data-widget_type=\"text-editor.default\">\n\t\t\t\t\t\t\t\t\t<section>\n  <p>\n Situ\u00e9e au c\u0153ur du canton de Vaud en Suisse, Prestige Enterprise est une entreprise familiale qui incarne depuis des ann\u00e9es d\u00e9cennies l\u2019alliance entre artisanat d\u2019exception et culture d\u2019entreprise exigeante. Notre sp\u00e9cialit\u00e9 ? Cr\u00e9er des cadeaux d\u2019affaires sur mesure, dans l\u2019univers de la maroquinerie de luxe et des cadeaux de luxe, l\u00e0 o\u00f9 chaque d\u00e9tail compte, et chaque geste devient un acte de reconnaissance.  \n  <\/p>\n\n  <p>\n Dot\u00e9e de sa propre unit\u00e9 de fabrication et d\u2019un atelier de ma\u00eetrise, Prestige Enterprise con\u00e7oit et r\u00e9alise une ligne compl\u00e8te d\u2019accessoires en cuir (portefeuilles, porte-cartes, pochettes, ceintures, sacs), r\u00e9alis\u00e9s \u00e0 partir de cuirs soigneusement s\u00e9lectionn\u00e9s (grain\u00e9, lisse, python, daim) pour leur beaut\u00e9 et leur durabilit\u00e9. Chaque pi\u00e8ce est fa\u00e7onn\u00e9e par des ma\u00eetres-artisans passionn\u00e9s, dans un esprit d\u2019\u00e9l\u00e9gance intemporelle. Nous allons plus loin :  \n  <\/p>\n\n  <ul>\n    <li>Une palette de couleurs et de textures large pour r\u00e9pondre \u00e0 votre univers de marque.<\/li>\n    <li>Un service cl\u00e9 en main : de la personnalisation (gravure, nuance Pantone, insertion de logo) \u00e0 l\u2019emballage premium.<\/li>\n    <li>Une fabrication supervis\u00e9e avec contr\u00f4le qualit\u00e9 rigoureux \u00e0 chaque \u00e9tape pour une authenticit\u00e9 et une finition irr\u00e9prochable.<\/li>\n  <\/ul>\n\n  <h2>Nos domaines d\u2019intervention<\/h2>\n  <ul>\n    <li>Cr\u00e9ations en cuir haut de gamme : fabrication d\u00e9di\u00e9e \u00e0 votre marque.<\/li>\n    <li>Cadeaux VIP : objets de prestige, collaborations de luxe, \u00e9ditions limit\u00e9es<\/li>\n    <li>Cadeaux promotionnels premium : produits \u201cMade in Europe \/ Suisse\u201d pour un message de qualit\u00e9.<\/li>\n    <li>Textiles luxe &amp; accessoires : pashminas en cachemire, \u00e9toffes tiss\u00e9es \u00e0 la main.<\/li>\n    <li>Solutions m\u00e9tiers sp\u00e9ciales : pour les h\u00f4tels, boutiques ou secteurs pharma\/spa, des accessoires exclusifs et personnalis\u00e9s.<\/li>\n  <\/ul>\n\n  <h2>Nos engagements<\/h2>\n  <ul>\n    <li>Une qualit\u00e9 artisanale contr\u00f4l\u00e9e et durable<\/li>\n    <li>Un accompagnement sur mesure,<\/li>\n    <li>Une collaboration qui fait de votre cadeau un vecteur d\u2019influence<\/li>\n  <\/ul>\n<\/section>\n\t\t\t\t\t\t\t\t<\/div>\n\t\t\t\t<div class=\"elementor-element elementor-element-5869ab88 elementor-mobile-align-center elementor-invisible elementor-widget elementor-widget-button\" data-id=\"5869ab88\" data-element_type=\"widget\" data-e-type=\"widget\" data-settings=\"{&quot;_animation_delay&quot;:&quot;240&quot;,&quot;_animation&quot;:&quot;fadeInUp&quot;}\" data-widget_type=\"button.default\">\n\t\t\t\t\t\t\t\t\t\t<a class=\"elementor-button elementor-button-link elementor-size-sm\" href=\"https:\/\/prestige-e.com\/fr\/nous-contacter\/\">\n\t\t\t\t\t\t<span class=\"elementor-button-content-wrapper\">\n\t\t\t\t\t\t\t\t\t<span class=\"elementor-button-text\">Nous contacter<\/span>\n\t\t\t\t\t<\/span>\n\t\t\t\t\t<\/a>\n\t\t\t\t\t\t\t\t<\/div>\n\t\t\t\t<\/div>\n\t\t\t\t<\/div>\n\t\t\t\t\t<\/div>\n\t\t\t\t<\/div>\n\t\t<div class=\"elementor-element elementor-element-72192235 e-flex e-con-boxed e-con e-parent\" data-id=\"72192235\" data-element_type=\"container\" data-e-type=\"container\">\n\t\t\t\t\t<div class=\"e-con-inner\">\n\t\t\t\t<div class=\"elementor-element elementor-element-575788ee elementor-widget__width-initial elementor-invisible elementor-widget elementor-widget-heading\" data-id=\"575788ee\" data-element_type=\"widget\" data-e-type=\"widget\" data-settings=\"{&quot;_animation&quot;:&quot;fadeInUp&quot;,&quot;_animation_delay&quot;:250}\" data-widget_type=\"heading.default\">\n\t\t\t\t\t<h2 class=\"elementor-heading-title elementor-size-default\">Notre \u00e9quipe, notre force<\/h2>\t\t\t\t<\/div>\n\t\t\t\t<div class=\"elementor-element elementor-element-7c988efd elementor-widget__width-initial elementor-invisible elementor-widget elementor-widget-text-editor\" data-id=\"7c988efd\" data-element_type=\"widget\" data-e-type=\"widget\" data-settings=\"{&quot;_animation&quot;:&quot;fadeInUp&quot;,&quot;_animation_delay&quot;:500}\" data-widget_type=\"text-editor.default\">\n\t\t\t\t\t\t\t\t\tDerri\u00e8re chaque cr\u00e9ation se trouve une \u00e9quipe passionn\u00e9e, attentive et engag\u00e9e \u00e0 faire rayonner vos projets.\t\t\t\t\t\t\t\t<\/div>\n\t\t<div class=\"elementor-element elementor-element-26ff5076 e-con-full e-flex e-con e-child\" data-id=\"26ff5076\" data-element_type=\"container\" data-e-type=\"container\">\n\t\t<div class=\"elementor-element elementor-element-48584f32 e-con-full e-flex elementor-invisible e-con e-child\" data-id=\"48584f32\" data-element_type=\"container\" data-e-type=\"container\" data-settings=\"{&quot;background_background&quot;:&quot;classic&quot;,&quot;animation&quot;:&quot;fadeInUp&quot;,&quot;animation_delay&quot;:650}\">\n\t\t\t\t<div class=\"elementor-element elementor-element-5fc882a7 elementor-widget elementor-widget-image\" data-id=\"5fc882a7\" data-element_type=\"widget\" data-e-type=\"widget\" data-widget_type=\"image.default\">\n\t\t\t\t\t\t\t\t\t\t\t\t\t\t\t<img fetchpriority=\"high\" decoding=\"async\" width=\"320\" height=\"320\" src=\"https:\/\/prestige-e.com\/wp-content\/uploads\/james-profile-team-1-1.jpg\" class=\"attachment-large size-large wp-image-36854\" alt=\"\" srcset=\"https:\/\/prestige-e.com\/wp-content\/uploads\/james-profile-team-1-1.jpg 320w, https:\/\/prestige-e.com\/wp-content\/uploads\/james-profile-team-1-1-300x300.jpg 300w, https:\/\/prestige-e.com\/wp-content\/uploads\/james-profile-team-1-1-150x150.jpg 150w, https:\/\/prestige-e.com\/wp-content\/uploads\/james-profile-team-1-1-100x100.jpg 100w, https:\/\/prestige-e.com\/wp-content\/uploads\/james-profile-team-1-1-50x50.jpg 50w, https:\/\/prestige-e.com\/wp-content\/uploads\/james-profile-team-1-1-64x64.jpg 64w\" sizes=\"(max-width: 320px) 100vw, 320px\" \/>\t\t\t\t\t\t\t\t\t\t\t\t\t\t\t<\/div>\n\t\t\t\t<div class=\"elementor-element elementor-element-7fde1e84 elementor-widget elementor-widget-heading\" data-id=\"7fde1e84\" data-element_type=\"widget\" data-e-type=\"widget\" data-widget_type=\"heading.default\">\n\t\t\t\t\t<p class=\"elementor-heading-title elementor-size-default\">Fondateur et Directeur de Prestige Enterprise<\/p>\t\t\t\t<\/div>\n\t\t\t\t<div class=\"elementor-element elementor-element-fe72c85 elementor-widget elementor-widget-heading\" data-id=\"fe72c85\" data-element_type=\"widget\" data-e-type=\"widget\" data-widget_type=\"heading.default\">\n\t\t\t\t\t<p class=\"elementor-heading-title elementor-size-default\">James Cherian<\/p>\t\t\t\t<\/div>\n\t\t\t\t<div class=\"elementor-element elementor-element-6debad23 elementor-widget__width-initial elementor-widget elementor-widget-text-editor\" data-id=\"6debad23\" data-element_type=\"widget\" data-e-type=\"widget\" data-widget_type=\"text-editor.default\">\n\t\t\t\t\t\t\t\t\t<p>Fondateur visionnaire de Prestige Enterprise, James met depuis plus de vingt-cinq ans son talent et son enthousiasme au service de la cr\u00e9ation de pi\u00e8ces sur mesure qui refl\u00e8tent l\u2019identit\u00e9 propre \u00e0 chaque client.<\/p><p>Anim\u00e9 par une passion profonde pour l\u2019artisanat et la qu\u00eate d\u2019une perfection minutieuse, il con\u00e7oit des objets capables de raconter une histoire avant m\u00eame d\u2019\u00eatre offerts.<\/p><p>Dot\u00e9 d\u2019un sens aigu des relations clients et des partenariats d\u2019affaires, James \u0153uvre avant tout \u00e0 assurer le d\u00e9veloppement durable et harmonieux de l\u2019entreprise.<\/p>\t\t\t\t\t\t\t\t<\/div>\n\t\t\t\t<\/div>\n\t\t<div class=\"elementor-element elementor-element-65db3441 e-con-full e-flex elementor-invisible e-con e-child\" data-id=\"65db3441\" data-element_type=\"container\" data-e-type=\"container\" data-settings=\"{&quot;background_background&quot;:&quot;classic&quot;,&quot;animation&quot;:&quot;fadeInUp&quot;,&quot;animation_delay&quot;:800}\">\n\t\t\t\t<div class=\"elementor-element elementor-element-2ff0e708 elementor-widget elementor-widget-image\" data-id=\"2ff0e708\" data-element_type=\"widget\" data-e-type=\"widget\" data-widget_type=\"image.default\">\n\t\t\t\t\t\t\t\t\t\t\t\t\t\t\t<img decoding=\"async\" width=\"320\" height=\"320\" src=\"https:\/\/prestige-e.com\/wp-content\/uploads\/naomi-profile-team-2-1.jpg\" class=\"attachment-large size-large wp-image-36856\" alt=\"\" srcset=\"https:\/\/prestige-e.com\/wp-content\/uploads\/naomi-profile-team-2-1.jpg 320w, https:\/\/prestige-e.com\/wp-content\/uploads\/naomi-profile-team-2-1-300x300.jpg 300w, https:\/\/prestige-e.com\/wp-content\/uploads\/naomi-profile-team-2-1-150x150.jpg 150w, https:\/\/prestige-e.com\/wp-content\/uploads\/naomi-profile-team-2-1-100x100.jpg 100w, https:\/\/prestige-e.com\/wp-content\/uploads\/naomi-profile-team-2-1-50x50.jpg 50w, https:\/\/prestige-e.com\/wp-content\/uploads\/naomi-profile-team-2-1-64x64.jpg 64w\" sizes=\"(max-width: 320px) 100vw, 320px\" \/>\t\t\t\t\t\t\t\t\t\t\t\t\t\t\t<\/div>\n\t\t\t\t<div class=\"elementor-element elementor-element-5b25536a elementor-widget elementor-widget-heading\" data-id=\"5b25536a\" data-element_type=\"widget\" data-e-type=\"widget\" data-widget_type=\"heading.default\">\n\t\t\t\t\t<p class=\"elementor-heading-title elementor-size-default\">Responsable Commercial<\/p>\t\t\t\t<\/div>\n\t\t\t\t<div class=\"elementor-element elementor-element-1a88e93a elementor-widget elementor-widget-heading\" data-id=\"1a88e93a\" data-element_type=\"widget\" data-e-type=\"widget\" data-widget_type=\"heading.default\">\n\t\t\t\t\t<p class=\"elementor-heading-title elementor-size-default\">Naomi Cherian<\/p>\t\t\t\t<\/div>\n\t\t\t\t<div class=\"elementor-element elementor-element-6f6b18a0 elementor-widget__width-initial elementor-widget elementor-widget-text-editor\" data-id=\"6f6b18a0\" data-element_type=\"widget\" data-e-type=\"widget\" data-widget_type=\"text-editor.default\">\n\t\t\t\t\t\t\t\t\t<p>Titulaire d\u2019un dipl\u00f4me en communication et en marketing, Naomi a rejoint Prestige Enterprise pour accompagner nos clients avec professionnalisme tout au long de leur exp\u00e9rience \u00e0 nos c\u00f4t\u00e9s.<\/p><p>\u00c0 travers chaque collaboration, elle transforme leurs inspirations en cr\u00e9ations d\u2019exception, o\u00f9 \u00e9motion, \u00e9l\u00e9gance et excellence s\u2019entrelacent pour donner vie \u00e0 des tr\u00e9sors v\u00e9ritablement m\u00e9morables.<\/p><p>Elle supervise la strat\u00e9gie digitale, le soutien client et commercial, ainsi que la gestion financi\u00e8re. Au c\u0153ur de son travail, sa jeunesse apporte \u00e0 l\u2019entreprise la clairvoyance et la vision n\u00e9cessaires pour accompagner son d\u00e9veloppement vers l\u2019avenir. <\/p>\t\t\t\t\t\t\t\t<\/div>\n\t\t\t\t<\/div>\n\t\t<div class=\"elementor-element elementor-element-6558f49b e-con-full e-flex elementor-invisible e-con e-child\" data-id=\"6558f49b\" data-element_type=\"container\" data-e-type=\"container\" data-settings=\"{&quot;background_background&quot;:&quot;classic&quot;,&quot;animation&quot;:&quot;fadeInUp&quot;,&quot;animation_delay&quot;:950}\">\n\t\t\t\t<div class=\"elementor-element elementor-element-7fec0017 elementor-widget elementor-widget-image\" data-id=\"7fec0017\" data-element_type=\"widget\" data-e-type=\"widget\" data-widget_type=\"image.default\">\n\t\t\t\t\t\t\t\t\t\t\t\t\t\t\t<img decoding=\"async\" width=\"300\" height=\"300\" src=\"https:\/\/prestige-e.com\/wp-content\/uploads\/Mourya-Shweta-1.jpeg\" class=\"attachment-large size-large wp-image-36855\" alt=\"\" srcset=\"https:\/\/prestige-e.com\/wp-content\/uploads\/Mourya-Shweta-1.jpeg 300w, https:\/\/prestige-e.com\/wp-content\/uploads\/Mourya-Shweta-1-150x150.jpeg 150w, https:\/\/prestige-e.com\/wp-content\/uploads\/Mourya-Shweta-1-100x100.jpeg 100w, https:\/\/prestige-e.com\/wp-content\/uploads\/Mourya-Shweta-1-50x50.jpeg 50w, https:\/\/prestige-e.com\/wp-content\/uploads\/Mourya-Shweta-1-64x64.jpeg 64w\" sizes=\"(max-width: 300px) 100vw, 300px\" \/>\t\t\t\t\t\t\t\t\t\t\t\t\t\t\t<\/div>\n\t\t\t\t<div class=\"elementor-element elementor-element-1e2d5b76 elementor-widget elementor-widget-heading\" data-id=\"1e2d5b76\" data-element_type=\"widget\" data-e-type=\"widget\" data-widget_type=\"heading.default\">\n\t\t\t\t\t<p class=\"elementor-heading-title elementor-size-default\">Responsable Administrative<\/p>\t\t\t\t<\/div>\n\t\t\t\t<div class=\"elementor-element elementor-element-1b3ff6e3 elementor-widget elementor-widget-heading\" data-id=\"1b3ff6e3\" data-element_type=\"widget\" data-e-type=\"widget\" data-widget_type=\"heading.default\">\n\t\t\t\t\t<p class=\"elementor-heading-title elementor-size-default\">Shweta Mourya<\/p>\t\t\t\t<\/div>\n\t\t\t\t<div class=\"elementor-element elementor-element-2517c07e elementor-widget__width-initial elementor-widget elementor-widget-text-editor\" data-id=\"2517c07e\" data-element_type=\"widget\" data-e-type=\"widget\" data-widget_type=\"text-editor.default\">\n\t\t\t\t\t\t\t\t\t<p>Titulaire d\u2019un Master en finance, Shweta a rejoint Prestige Enterprise en 2022 pour superviser les aspects commerciaux, financiers ainsi que la pr\u00e9sence digitale de l\u2019entreprise.<\/p><p>Sa mission consiste \u00e0 accompagner nos clients dans la r\u00e9alisation de leurs objectifs, \u00e0 offrir des solutions sur mesure et \u00e0 instaurer une relation de confiance durable, tout en contribuant \u00e0 la croissance globale de l\u2019entreprise. Elle con\u00e7oit des solutions personnalis\u00e9es, parfaitement adapt\u00e9es aux exigences vari\u00e9es d\u2019une client\u00e8le diversifi\u00e9e. <\/p><p>Shweta veille \u00e0 ce que chaque collaboration incarne la pr\u00e9cision, la cr\u00e9ativit\u00e9 et l\u2019excellence qui caract\u00e9risent Prestige Enterprise.<\/p>\t\t\t\t\t\t\t\t<\/div>\n\t\t\t\t<\/div>\n\t\t\t\t<\/div>\n\t\t\t\t\t<\/div>\n\t\t\t\t<\/div>\n\t\t\t\t<\/div>\n\t\t","protected":false},"excerpt":{"rendered":"<p>L&rsquo;Art du cadeau sur mesure depuis 1999 Nous contacter Des cadeaux d\u2019affaire qui refl\u00e8tent votre image Situ\u00e9e au c\u0153ur du canton de Vaud en Suisse, Prestige Enterprise est une entreprise familiale qui incarne depuis des ann\u00e9es d\u00e9cennies l\u2019alliance entre artisanat d\u2019exception et culture d\u2019entreprise exigeante. Notre sp\u00e9cialit\u00e9 ? Cr\u00e9er des cadeaux d\u2019affaires sur mesure, dans [&hellip;]<\/p>\n","protected":false},"author":4,"featured_media":0,"parent":0,"menu_order":33,"comment_status":"closed","ping_status":"closed","template":"","meta":{"inline_featured_image":false,"footnotes":""},"class_list":["post-36852","page","type-page","status-publish","hentry"],"aioseo_notices":[],"_links":{"self":[{"href":"https:\/\/prestige-e.com\/fr\/wp-json\/wp\/v2\/pages\/36852","targetHints":{"allow":["GET"]}}],"collection":[{"href":"https:\/\/prestige-e.com\/fr\/wp-json\/wp\/v2\/pages"}],"about":[{"href":"https:\/\/prestige-e.com\/fr\/wp-json\/wp\/v2\/types\/page"}],"author":[{"embeddable":true,"href":"https:\/\/prestige-e.com\/fr\/wp-json\/wp\/v2\/users\/4"}],"replies":[{"embeddable":true,"href":"https:\/\/prestige-e.com\/fr\/wp-json\/wp\/v2\/comments?post=36852"}],"version-history":[{"count":0,"href":"https:\/\/prestige-e.com\/fr\/wp-json\/wp\/v2\/pages\/36852\/revisions"}],"wp:attachment":[{"href":"https:\/\/prestige-e.com\/fr\/wp-json\/wp\/v2\/media?parent=36852"}],"curies":[{"name":"wp","href":"https:\/\/api.w.org\/{rel}","templated":true}]}}